{"id":25692,"date":"2023-09-25T01:16:11","date_gmt":"2023-09-24T22:16:11","guid":{"rendered":"https:\/\/bagerplastik.com\/request-a-quote\/"},"modified":"2024-01-24T12:03:07","modified_gmt":"2024-01-24T09:03:07","slug":"teklif-isteyin","status":"publish","type":"page","link":"https:\/\/bagerplastik.com\/tr\/teklif-isteyin\/","title":{"rendered":"Teklif \u0130steyin"},"content":{"rendered":"<section class=\"wpb-content-wrapper\"><p>[vc_row full_width=&#8221;stretch_row_content&#8221; css=&#8221;.vc_custom_1695593801130{margin-bottom: 70px !important;}&#8221;][vc_column][vc_custom_heading text=&#8221;B\u0130ZDEN TEKL\u0130F VE B\u0130LG\u0130 \u0130STEY\u0130N&#8221; font_container=&#8221;tag:h1|text_align:center&#8221; use_theme_fonts=&#8221;yes&#8221; el_class=&#8221;requesth1&#8243; css=&#8221;.vc_custom_1705917147122{margin-bottom: 25px !important;}&#8221;][vc_column_text]<\/p>\n<p style=\"text-align: center;\">\u0130lgilendi\u011finiz \u00fcr\u00fcnlerle ilgili a\u015fa\u011f\u0131daki formu doldurarak bizimle ileti\u015fime ge\u00e7ebilirsiniz.<\/p>\n<p>[\/vc_column_text][\/vc_column][\/vc_row][vc_row el_class=&#8221;contform&#8221; css=&#8221;.vc_custom_1695592896159{margin-bottom: 60px !important;}&#8221;][vc_column]<script type=\"text\/javascript\">var gform;gform||(document.addEventListener(\"gform_main_scripts_loaded\",function(){gform.scriptsLoaded=!0}),window.addEventListener(\"DOMContentLoaded\",function(){gform.domLoaded=!0}),gform={domLoaded:!1,scriptsLoaded:!1,initializeOnLoaded:function(o){gform.domLoaded&&gform.scriptsLoaded?o():!gform.domLoaded&&gform.scriptsLoaded?window.addEventListener(\"DOMContentLoaded\",o):document.addEventListener(\"gform_main_scripts_loaded\",o)},hooks:{action:{},filter:{}},addAction:function(o,n,r,t){gform.addHook(\"action\",o,n,r,t)},addFilter:function(o,n,r,t){gform.addHook(\"filter\",o,n,r,t)},doAction:function(o){gform.doHook(\"action\",o,arguments)},applyFilters:function(o){return gform.doHook(\"filter\",o,arguments)},removeAction:function(o,n){gform.removeHook(\"action\",o,n)},removeFilter:function(o,n,r){gform.removeHook(\"filter\",o,n,r)},addHook:function(o,n,r,t,i){null==gform.hooks[o][n]&&(gform.hooks[o][n]=[]);var e=gform.hooks[o][n];null==i&&(i=n+\"_\"+e.length),gform.hooks[o][n].push({tag:i,callable:r,priority:t=null==t?10:t})},doHook:function(n,o,r){var t;if(r=Array.prototype.slice.call(r,1),null!=gform.hooks[n][o]&&((o=gform.hooks[n][o]).sort(function(o,n){return o.priority-n.priority}),o.forEach(function(o){\"function\"!=typeof(t=o.callable)&&(t=window[t]),\"action\"==n?t.apply(null,r):r[0]=t.apply(null,r)})),\"filter\"==n)return r[0]},removeHook:function(o,n,t,i){var r;null!=gform.hooks[o][n]&&(r=(r=gform.hooks[o][n]).filter(function(o,n,r){return!!(null!=i&&i!=o.tag||null!=t&&t!=o.priority)}),gform.hooks[o][n]=r)}});<\/script>\n                <div class='gf_browser_gecko gform_wrapper gravity-theme gform-theme--no-framework' data-form-theme='gravity-theme' data-form-index='0' id='gform_wrapper_11' ><form method='post' enctype='multipart\/form-data'  id='gform_11'  action='\/tr\/wp-json\/wp\/v2\/pages\/25692' data-formid='11' >\n                        <div class='gform-body gform_body'><div id='gform_fields_11' class='gform_fields top_label form_sublabel_below description_below'><div id=\"field_11_8\"  class=\"gfield gfield--type-html gfield--width-full gfield_html gfield_html_formatted gfield_no_follows_desc field_sublabel_below gfield--no-description field_description_below gfield_visibility_visible\"  data-js-reload=\"field_11_8\"><h2 class=\"contformtitle\">\u0130lgilendi\u011fim \u00fcr\u00fcn grubu<\/h2><\/div><fieldset id=\"field_11_9\"  class=\"gfield gfield--type-checkbox gfield--type-choice gfield--width-full toptancheck field_sublabel_below gfield--no-description field_description_below hidden_label gfield_visibility_visible\"  data-js-reload=\"field_11_9\"><legend class='gfield_label gform-field-label gfield_label_before_complex'  >Products<\/legend><div class='ginput_container ginput_container_checkbox'><div class='gfield_checkbox' id='input_11_9'><div class='gchoice gchoice_11_9_1'>\n\t\t\t\t\t\t\t\t<input class='gfield-choice-input' name='input_9.1' type='checkbox'  value='SAKLAMA'  id='choice_11_9_1'   \/>\n\t\t\t\t\t\t\t\t<label for='choice_11_9_1' id='label_11_9_1' class='gform-field-label gform-field-label--type-inline'>SAKLAMA<\/label>\n\t\t\t\t\t\t\t<\/div><div class='gchoice gchoice_11_9_2'>\n\t\t\t\t\t\t\t\t<input class='gfield-choice-input' name='input_9.2' type='checkbox'  value='KASE &amp; TABAK'  id='choice_11_9_2'   \/>\n\t\t\t\t\t\t\t\t<label for='choice_11_9_2' id='label_11_9_2' class='gform-field-label gform-field-label--type-inline'>KASE &amp; TABAK<\/label>\n\t\t\t\t\t\t\t<\/div><div class='gchoice gchoice_11_9_3'>\n\t\t\t\t\t\t\t\t<input class='gfield-choice-input' name='input_9.3' type='checkbox'  value='D\u00dcZENLEY\u0130C\u0130'  id='choice_11_9_3'   \/>\n\t\t\t\t\t\t\t\t<label for='choice_11_9_3' id='label_11_9_3' class='gform-field-label gform-field-label--type-inline'>D\u00dcZENLEY\u0130C\u0130<\/label>\n\t\t\t\t\t\t\t<\/div><div class='gchoice gchoice_11_9_4'>\n\t\t\t\t\t\t\t\t<input class='gfield-choice-input' name='input_9.4' type='checkbox'  value='KEK &amp; PASTA'  id='choice_11_9_4'   \/>\n\t\t\t\t\t\t\t\t<label for='choice_11_9_4' id='label_11_9_4' class='gform-field-label gform-field-label--type-inline'>KEK &amp; PASTA<\/label>\n\t\t\t\t\t\t\t<\/div><div class='gchoice gchoice_11_9_5'>\n\t\t\t\t\t\t\t\t<input class='gfield-choice-input' name='input_9.5' type='checkbox'  value='SALATA'  id='choice_11_9_5'   \/>\n\t\t\t\t\t\t\t\t<label for='choice_11_9_5' id='label_11_9_5' class='gform-field-label gform-field-label--type-inline'>SALATA<\/label>\n\t\t\t\t\t\t\t<\/div><div class='gchoice gchoice_11_9_6'>\n\t\t\t\t\t\t\t\t<input class='gfield-choice-input' name='input_9.6' type='checkbox'  value='BUZ &amp; DONDURMA'  id='choice_11_9_6'   \/>\n\t\t\t\t\t\t\t\t<label for='choice_11_9_6' id='label_11_9_6' class='gform-field-label gform-field-label--type-inline'>BUZ &amp; DONDURMA<\/label>\n\t\t\t\t\t\t\t<\/div><div class='gchoice gchoice_11_9_7'>\n\t\t\t\t\t\t\t\t<input class='gfield-choice-input' name='input_9.7' type='checkbox'  value='BULA\u015eIK'  id='choice_11_9_7'   \/>\n\t\t\t\t\t\t\t\t<label for='choice_11_9_7' id='label_11_9_7' class='gform-field-label gform-field-label--type-inline'>BULA\u015eIK<\/label>\n\t\t\t\t\t\t\t<\/div><div class='gchoice gchoice_11_9_8'>\n\t\t\t\t\t\t\t\t<input class='gfield-choice-input' name='input_9.8' type='checkbox'  value='YARDIMCILAR'  id='choice_11_9_8'   \/>\n\t\t\t\t\t\t\t\t<label for='choice_11_9_8' id='label_11_9_8' class='gform-field-label gform-field-label--type-inline'>YARDIMCILAR<\/label>\n\t\t\t\t\t\t\t<\/div><div class='gchoice gchoice_11_9_9'>\n\t\t\t\t\t\t\t\t<input class='gfield-choice-input' name='input_9.9' type='checkbox'  value='BANYO'  id='choice_11_9_9'   \/>\n\t\t\t\t\t\t\t\t<label for='choice_11_9_9' id='label_11_9_9' class='gform-field-label gform-field-label--type-inline'>BANYO<\/label>\n\t\t\t\t\t\t\t<\/div><div class='gchoice gchoice_11_9_11'>\n\t\t\t\t\t\t\t\t<input class='gfield-choice-input' name='input_9.11' type='checkbox'  value='CAM \u00dcR\u00dcNLER'  id='choice_11_9_11'   \/>\n\t\t\t\t\t\t\t\t<label for='choice_11_9_11' id='label_11_9_11' class='gform-field-label gform-field-label--type-inline'>CAM \u00dcR\u00dcNLER<\/label>\n\t\t\t\t\t\t\t<\/div><\/div><\/div><\/fieldset><div id=\"field_11_6\"  class=\"gfield gfield--type-text gfield--width-third field_sublabel_below gfield--no-description field_description_below hidden_label gfield_visibility_visible\"  data-js-reload=\"field_11_6\"><label class='gfield_label gform-field-label' for='input_11_6' >Name<\/label><div class='ginput_container ginput_container_text'><input name='input_6' id='input_11_6' type='text' value='' class='large'    placeholder='Ad Soyad'  aria-invalid=\"false\"   \/> <\/div><\/div><div id=\"field_11_3\"  class=\"gfield gfield--type-email gfield--width-third field_sublabel_below gfield--no-description field_description_below hidden_label gfield_visibility_visible\"  data-js-reload=\"field_11_3\"><label class='gfield_label gform-field-label' for='input_11_3' >Email<\/label><div class='ginput_container ginput_container_email'>\n                            <input name='input_3' id='input_11_3' type='text' value='' class='large'   placeholder='E-mail'  aria-invalid=\"false\"  \/>\n                        <\/div><\/div><div id=\"field_11_7\"  class=\"gfield gfield--type-phone gfield--width-third field_sublabel_below gfield--no-description field_description_below hidden_label gfield_visibility_visible\"  data-js-reload=\"field_11_7\"><label class='gfield_label gform-field-label' for='input_11_7' >Telefon<\/label><div class='ginput_container ginput_container_phone'><input name='input_7' id='input_11_7' type='text' value='' class='large'  placeholder='Telefon'  aria-invalid=\"false\"   \/><\/div><\/div><div id=\"field_11_10\"  class=\"gfield gfield--type-text gfield--width-third field_sublabel_below gfield--no-description field_description_below hidden_label gfield_visibility_visible\"  data-js-reload=\"field_11_10\"><label class='gfield_label gform-field-label' for='input_11_10' >\u0130l<\/label><div class='ginput_container ginput_container_text'><input name='input_10' id='input_11_10' type='text' value='' class='large'    placeholder='\u015eehir'  aria-invalid=\"false\"   \/> <\/div><\/div><div id=\"field_11_11\"  class=\"gfield gfield--type-text gfield--width-third field_sublabel_below gfield--no-description field_description_below hidden_label gfield_visibility_visible\"  data-js-reload=\"field_11_11\"><label class='gfield_label gform-field-label' for='input_11_11' >\u0130l\u00e7e<\/label><div class='ginput_container ginput_container_text'><input name='input_11' id='input_11_11' type='text' value='' class='large'    placeholder='\u00dclke'  aria-invalid=\"false\"   \/> <\/div><\/div><div id=\"field_11_12\"  class=\"gfield gfield--type-text gfield--width-third field_sublabel_below gfield--no-description field_description_below hidden_label gfield_visibility_visible\"  data-js-reload=\"field_11_12\"><label class='gfield_label gform-field-label' for='input_11_12' >Firma Ad\u0131<\/label><div class='ginput_container ginput_container_text'><input name='input_12' id='input_11_12' type='text' value='' class='large'    placeholder='Firma Ad\u0131'  aria-invalid=\"false\"   \/> <\/div><\/div><div id=\"field_11_5\"  class=\"gfield gfield--type-textarea gfield--width-full field_sublabel_below gfield--no-description field_description_below hidden_label gfield_visibility_visible\"  data-js-reload=\"field_11_5\"><label class='gfield_label gform-field-label' for='input_11_5' >Mesaj<\/label><div class='ginput_container ginput_container_textarea'><textarea name='input_5' id='input_11_5' class='textarea small'    placeholder='Mesaj\u0131n\u0131z'  aria-invalid=\"false\"   rows='10' cols='50'><\/textarea><\/div><\/div><\/div><\/div>\n        <div class='gform_footer top_label'> <input type='submit' id='gform_submit_button_11' class='gform_button button' value='G\u00f6nder'  onclick='if(window[\"gf_submitting_11\"]){return false;}  window[\"gf_submitting_11\"]=true;  ' onkeypress='if( event.keyCode == 13 ){ if(window[\"gf_submitting_11\"]){return false;} window[\"gf_submitting_11\"]=true;  jQuery(\"#gform_11\").trigger(\"submit\",[true]); }' \/> \n            <input type='hidden' class='gform_hidden' name='is_submit_11' value='1' \/>\n            <input type='hidden' class='gform_hidden' name='gform_submit' value='11' \/>\n            \n            <input type='hidden' class='gform_hidden' name='gform_unique_id' value='' \/>\n            <input type='hidden' class='gform_hidden' name='state_11' value='WyJ7XCI5LjFcIjpcIjJmMWI3ZjhjMDI2NjNiMTBjOWUyNGIyNTEwYzc3ZGYwXCIsXCI5LjJcIjpcImIzOTYyMjE1NWI1OWZhMjcwYTU3MGJiYTFmMjBjZDAyXCIsXCI5LjNcIjpcImMzZDA4NWQ0YTEyYjEyMGQ1YWQwYzZmZDFjZTY1YjZjXCIsXCI5LjRcIjpcIjBjNjAzZTdmZmVmMzFkMDNiMTlkZGFjYjNiMzZjM2FmXCIsXCI5LjVcIjpcImMyMDk4YWM2ZDA0ZTViY2M2M2RkY2EzYjdjY2FmNzQyXCIsXCI5LjZcIjpcImZlMWFjOGIxZWQ5YzczNDM5ODEwYzkzODk5YzExZTU0XCIsXCI5LjdcIjpcIjVhYzkxZDI4NDExN2Y0ZWRlYWNiMzE0YzI2NjJlZTMyXCIsXCI5LjhcIjpcIjhjYmVmZTgxZDc5ZjZmNTljOTU3ZjQ4NWYyZTNlMGYwXCIsXCI5LjlcIjpcImRiNmFkYTlhMDU2MGFjMjU0YzI5ZDk3ZDM2OTE0NTRmXCIsXCI5LjExXCI6XCJiY2JkNGRiNmI5NTQ3NWEzZDI5ZWUzMDU3NDRiZGFhN1wifSIsImRkYTY4ZDFkYzJmNTM3MjAyY2EwOTNhZGVlMzQ2NTQyIl0=' \/>\n            <input type='hidden' class='gform_hidden' name='gform_target_page_number_11' id='gform_target_page_number_11' value='0' \/>\n            <input type='hidden' class='gform_hidden' name='gform_source_page_number_11' id='gform_source_page_number_11' value='1' \/>\n            <input type='hidden' name='gform_field_values' value='' \/>\n            \n        <\/div>\n                        <\/form>\n                        <\/div><script type=\"text\/javascript\">\n\/* <![CDATA[ *\/\n gform.initializeOnLoaded( function() {gformInitSpinner( 11, 'https:\/\/bagerplastik.com\/wp-content\/plugins\/gravityforms\/images\/spinner.svg', true );jQuery('#gform_ajax_frame_11').on('load',function(){var contents = jQuery(this).contents().find('*').html();var is_postback = contents.indexOf('GF_AJAX_POSTBACK') >= 0;if(!is_postback){return;}var form_content = jQuery(this).contents().find('#gform_wrapper_11');var is_confirmation = jQuery(this).contents().find('#gform_confirmation_wrapper_11').length > 0;var is_redirect = contents.indexOf('gformRedirect(){') >= 0;var is_form = form_content.length > 0 && ! is_redirect && ! is_confirmation;var mt = parseInt(jQuery('html').css('margin-top'), 10) + parseInt(jQuery('body').css('margin-top'), 10) + 100;if(is_form){jQuery('#gform_wrapper_11').html(form_content.html());if(form_content.hasClass('gform_validation_error')){jQuery('#gform_wrapper_11').addClass('gform_validation_error');} else {jQuery('#gform_wrapper_11').removeClass('gform_validation_error');}setTimeout( function() { \/* delay the scroll by 50 milliseconds to fix a bug in chrome *\/  }, 50 );if(window['gformInitDatepicker']) {gformInitDatepicker();}if(window['gformInitPriceFields']) {gformInitPriceFields();}var current_page = jQuery('#gform_source_page_number_11').val();gformInitSpinner( 11, 'https:\/\/bagerplastik.com\/wp-content\/plugins\/gravityforms\/images\/spinner.svg', true );jQuery(document).trigger('gform_page_loaded', [11, current_page]);window['gf_submitting_11'] = false;}else if(!is_redirect){var confirmation_content = jQuery(this).contents().find('.GF_AJAX_POSTBACK').html();if(!confirmation_content){confirmation_content = contents;}setTimeout(function(){jQuery('#gform_wrapper_11').replaceWith(confirmation_content);jQuery(document).trigger('gform_confirmation_loaded', [11]);window['gf_submitting_11'] = false;wp.a11y.speak(jQuery('#gform_confirmation_message_11').text());}, 50);}else{jQuery('#gform_11').append(contents);if(window['gformRedirect']) {gformRedirect();}}jQuery(document).trigger('gform_post_render', [11, current_page]);gform.utils.trigger({ event: 'gform\/postRender', native: false, data: { formId: 11, currentPage: current_page } });} );} ); \n\/* ]]> *\/\n<\/script>\n[\/vc_column][\/vc_row]<\/p>\n<\/section>","protected":false},"excerpt":{"rendered":"<p>[vc_row full_width=&#8221;stretch_row_content&#8221; css=&#8221;.vc_custom_1695593801130{margin-bottom: 70px !important;}&#8221;][vc_column][vc_custom_heading text=&#8221;B\u0130ZDEN TEKL\u0130F VE B\u0130LG\u0130 \u0130STEY\u0130N&#8221; font_container=&#8221;tag:h1|text_align:center&#8221; use_theme_fonts=&#8221;yes&#8221; el_class=&#8221;requesth1&#8243; css=&#8221;.vc_custom_1705917147122{margin-bottom: 25px !important;}&#8221;][vc_column_text] \u0130lgilendi\u011finiz \u00fcr\u00fcnlerle ilgili a\u015fa\u011f\u0131daki formu doldurarak bizimle ileti\u015fime ge\u00e7ebilirsiniz. [\/vc_column_text][\/vc_column][\/vc_row][vc_row el_class=&#8221;contform&#8221; css=&#8221;.vc_custom_1695592896159{margin-bottom: 60px !important;}&#8221;][vc_column][\/vc_column][\/vc_row]<\/p>\n","protected":false},"author":1,"featured_media":0,"parent":0,"menu_order":0,"comment_status":"closed","ping_status":"closed","template":"","meta":{"footnotes":""},"class_list":["post-25692","page","type-page","status-publish","hentry"],"yoast_head":"<!-- This site is optimized with the Yoast SEO plugin v21.9 - https:\/\/yoast.com\/wordpress\/plugins\/seo\/ -->\n<title>Teklif \u0130steyin - Bager<\/title>\n<meta name=\"robots\" content=\"index, follow, max-snippet:-1, max-image-preview:large, max-video-preview:-1\" \/>\n<link rel=\"canonical\" href=\"https:\/\/bagerplastik.com\/tr\/teklif-isteyin\/\" \/>\n<meta property=\"og:locale\" content=\"tr_TR\" \/>\n<meta property=\"og:type\" content=\"article\" \/>\n<meta property=\"og:title\" content=\"Teklif \u0130steyin - Bager\" \/>\n<meta property=\"og:description\" content=\"[vc_row full_width=&#8221;stretch_row_content&#8221; css=&#8221;.vc_custom_1695593801130{margin-bottom: 70px !important;}&#8221;][vc_column][vc_custom_heading text=&#8221;B\u0130ZDEN TEKL\u0130F VE B\u0130LG\u0130 \u0130STEY\u0130N&#8221; font_container=&#8221;tag:h1|text_align:center&#8221; use_theme_fonts=&#8221;yes&#8221; el_class=&#8221;requesth1&#8243; css=&#8221;.vc_custom_1705917147122{margin-bottom: 25px !important;}&#8221;][vc_column_text] \u0130lgilendi\u011finiz \u00fcr\u00fcnlerle ilgili a\u015fa\u011f\u0131daki formu doldurarak bizimle ileti\u015fime ge\u00e7ebilirsiniz. [\/vc_column_text][\/vc_column][\/vc_row][vc_row el_class=&#8221;contform&#8221; css=&#8221;.vc_custom_1695592896159{margin-bottom: 60px !important;}&#8221;][vc_column][\/vc_column][\/vc_row]\" \/>\n<meta property=\"og:url\" content=\"https:\/\/bagerplastik.com\/tr\/teklif-isteyin\/\" \/>\n<meta property=\"og:site_name\" content=\"Bager\" \/>\n<meta property=\"article:modified_time\" content=\"2024-01-24T09:03:07+00:00\" \/>\n<meta name=\"twitter:card\" content=\"summary_large_image\" \/>\n<meta name=\"twitter:label1\" content=\"Tahmini okuma s\u00fcresi\" \/>\n\t<meta name=\"twitter:data1\" content=\"1 dakika\" \/>\n<script type=\"application\/ld+json\" class=\"yoast-schema-graph\">{\"@context\":\"https:\/\/schema.org\",\"@graph\":[{\"@type\":\"WebPage\",\"@id\":\"https:\/\/bagerplastik.com\/tr\/teklif-isteyin\/\",\"url\":\"https:\/\/bagerplastik.com\/tr\/teklif-isteyin\/\",\"name\":\"Teklif \u0130steyin - Bager\",\"isPartOf\":{\"@id\":\"https:\/\/bagerplastik.com\/#website\"},\"datePublished\":\"2023-09-24T22:16:11+00:00\",\"dateModified\":\"2024-01-24T09:03:07+00:00\",\"breadcrumb\":{\"@id\":\"https:\/\/bagerplastik.com\/tr\/teklif-isteyin\/#breadcrumb\"},\"inLanguage\":\"tr\",\"potentialAction\":[{\"@type\":\"ReadAction\",\"target\":[\"https:\/\/bagerplastik.com\/tr\/teklif-isteyin\/\"]}]},{\"@type\":\"BreadcrumbList\",\"@id\":\"https:\/\/bagerplastik.com\/tr\/teklif-isteyin\/#breadcrumb\",\"itemListElement\":[{\"@type\":\"ListItem\",\"position\":1,\"name\":\"Home\",\"item\":\"https:\/\/bagerplastik.com\/tr\/\"},{\"@type\":\"ListItem\",\"position\":2,\"name\":\"Teklif \u0130steyin\"}]},{\"@type\":\"WebSite\",\"@id\":\"https:\/\/bagerplastik.com\/#website\",\"url\":\"https:\/\/bagerplastik.com\/\",\"name\":\"Bager\",\"description\":\"\",\"potentialAction\":[{\"@type\":\"SearchAction\",\"target\":{\"@type\":\"EntryPoint\",\"urlTemplate\":\"https:\/\/bagerplastik.com\/?s={search_term_string}\"},\"query-input\":\"required name=search_term_string\"}],\"inLanguage\":\"tr\"}]}<\/script>\n<!-- \/ Yoast SEO plugin. -->","yoast_head_json":{"title":"Teklif \u0130steyin - Bager","robots":{"index":"index","follow":"follow","max-snippet":"max-snippet:-1","max-image-preview":"max-image-preview:large","max-video-preview":"max-video-preview:-1"},"canonical":"https:\/\/bagerplastik.com\/tr\/teklif-isteyin\/","og_locale":"tr_TR","og_type":"article","og_title":"Teklif \u0130steyin - Bager","og_description":"[vc_row full_width=&#8221;stretch_row_content&#8221; css=&#8221;.vc_custom_1695593801130{margin-bottom: 70px !important;}&#8221;][vc_column][vc_custom_heading text=&#8221;B\u0130ZDEN TEKL\u0130F VE B\u0130LG\u0130 \u0130STEY\u0130N&#8221; font_container=&#8221;tag:h1|text_align:center&#8221; use_theme_fonts=&#8221;yes&#8221; el_class=&#8221;requesth1&#8243; css=&#8221;.vc_custom_1705917147122{margin-bottom: 25px !important;}&#8221;][vc_column_text] \u0130lgilendi\u011finiz \u00fcr\u00fcnlerle ilgili a\u015fa\u011f\u0131daki formu doldurarak bizimle ileti\u015fime ge\u00e7ebilirsiniz. [\/vc_column_text][\/vc_column][\/vc_row][vc_row el_class=&#8221;contform&#8221; css=&#8221;.vc_custom_1695592896159{margin-bottom: 60px !important;}&#8221;][vc_column][\/vc_column][\/vc_row]","og_url":"https:\/\/bagerplastik.com\/tr\/teklif-isteyin\/","og_site_name":"Bager","article_modified_time":"2024-01-24T09:03:07+00:00","twitter_card":"summary_large_image","twitter_misc":{"Tahmini okuma s\u00fcresi":"1 dakika"},"schema":{"@context":"https:\/\/schema.org","@graph":[{"@type":"WebPage","@id":"https:\/\/bagerplastik.com\/tr\/teklif-isteyin\/","url":"https:\/\/bagerplastik.com\/tr\/teklif-isteyin\/","name":"Teklif \u0130steyin - Bager","isPartOf":{"@id":"https:\/\/bagerplastik.com\/#website"},"datePublished":"2023-09-24T22:16:11+00:00","dateModified":"2024-01-24T09:03:07+00:00","breadcrumb":{"@id":"https:\/\/bagerplastik.com\/tr\/teklif-isteyin\/#breadcrumb"},"inLanguage":"tr","potentialAction":[{"@type":"ReadAction","target":["https:\/\/bagerplastik.com\/tr\/teklif-isteyin\/"]}]},{"@type":"BreadcrumbList","@id":"https:\/\/bagerplastik.com\/tr\/teklif-isteyin\/#breadcrumb","itemListElement":[{"@type":"ListItem","position":1,"name":"Home","item":"https:\/\/bagerplastik.com\/tr\/"},{"@type":"ListItem","position":2,"name":"Teklif \u0130steyin"}]},{"@type":"WebSite","@id":"https:\/\/bagerplastik.com\/#website","url":"https:\/\/bagerplastik.com\/","name":"Bager","description":"","potentialAction":[{"@type":"SearchAction","target":{"@type":"EntryPoint","urlTemplate":"https:\/\/bagerplastik.com\/?s={search_term_string}"},"query-input":"required name=search_term_string"}],"inLanguage":"tr"}]}},"_links":{"self":[{"href":"https:\/\/bagerplastik.com\/tr\/wp-json\/wp\/v2\/pages\/25692","targetHints":{"allow":["GET"]}}],"collection":[{"href":"https:\/\/bagerplastik.com\/tr\/wp-json\/wp\/v2\/pages"}],"about":[{"href":"https:\/\/bagerplastik.com\/tr\/wp-json\/wp\/v2\/types\/page"}],"author":[{"embeddable":true,"href":"https:\/\/bagerplastik.com\/tr\/wp-json\/wp\/v2\/users\/1"}],"replies":[{"embeddable":true,"href":"https:\/\/bagerplastik.com\/tr\/wp-json\/wp\/v2\/comments?post=25692"}],"version-history":[{"count":3,"href":"https:\/\/bagerplastik.com\/tr\/wp-json\/wp\/v2\/pages\/25692\/revisions"}],"predecessor-version":[{"id":25858,"href":"https:\/\/bagerplastik.com\/tr\/wp-json\/wp\/v2\/pages\/25692\/revisions\/25858"}],"wp:attachment":[{"href":"https:\/\/bagerplastik.com\/tr\/wp-json\/wp\/v2\/media?parent=25692"}],"curies":[{"name":"wp","href":"https:\/\/api.w.org\/{rel}","templated":true}]}}