{"id":25690,"date":"2023-09-25T00:41:31","date_gmt":"2023-09-24T21:41:31","guid":{"rendered":"https:\/\/bagerplastik.com\/contact-us\/"},"modified":"2024-01-24T11:53:06","modified_gmt":"2024-01-24T08:53:06","slug":"iletisim","status":"publish","type":"page","link":"https:\/\/bagerplastik.com\/tr\/iletisim\/","title":{"rendered":"\u0130leti\u015fim"},"content":{"rendered":"<section class=\"wpb-content-wrapper\"><p>[vc_row el_class=&#8221;contform&#8221; css=&#8221;.vc_custom_1695592896159{margin-bottom: 60px !important;}&#8221;][vc_column]<script type=\"text\/javascript\">var gform;gform||(document.addEventListener(\"gform_main_scripts_loaded\",function(){gform.scriptsLoaded=!0}),window.addEventListener(\"DOMContentLoaded\",function(){gform.domLoaded=!0}),gform={domLoaded:!1,scriptsLoaded:!1,initializeOnLoaded:function(o){gform.domLoaded&&gform.scriptsLoaded?o():!gform.domLoaded&&gform.scriptsLoaded?window.addEventListener(\"DOMContentLoaded\",o):document.addEventListener(\"gform_main_scripts_loaded\",o)},hooks:{action:{},filter:{}},addAction:function(o,n,r,t){gform.addHook(\"action\",o,n,r,t)},addFilter:function(o,n,r,t){gform.addHook(\"filter\",o,n,r,t)},doAction:function(o){gform.doHook(\"action\",o,arguments)},applyFilters:function(o){return gform.doHook(\"filter\",o,arguments)},removeAction:function(o,n){gform.removeHook(\"action\",o,n)},removeFilter:function(o,n,r){gform.removeHook(\"filter\",o,n,r)},addHook:function(o,n,r,t,i){null==gform.hooks[o][n]&&(gform.hooks[o][n]=[]);var e=gform.hooks[o][n];null==i&&(i=n+\"_\"+e.length),gform.hooks[o][n].push({tag:i,callable:r,priority:t=null==t?10:t})},doHook:function(n,o,r){var t;if(r=Array.prototype.slice.call(r,1),null!=gform.hooks[n][o]&&((o=gform.hooks[n][o]).sort(function(o,n){return o.priority-n.priority}),o.forEach(function(o){\"function\"!=typeof(t=o.callable)&&(t=window[t]),\"action\"==n?t.apply(null,r):r[0]=t.apply(null,r)})),\"filter\"==n)return r[0]},removeHook:function(o,n,t,i){var r;null!=gform.hooks[o][n]&&(r=(r=gform.hooks[o][n]).filter(function(o,n,r){return!!(null!=i&&i!=o.tag||null!=t&&t!=o.priority)}),gform.hooks[o][n]=r)}});<\/script>\n                <div class='gf_browser_gecko gform_wrapper gravity-theme gform-theme--no-framework' data-form-theme='gravity-theme' data-form-index='0' id='gform_wrapper_9' ><form method='post' enctype='multipart\/form-data'  id='gform_9'  action='\/tr\/wp-json\/wp\/v2\/pages\/25690' data-formid='9' >\n                        <div class='gform-body gform_body'><div id='gform_fields_9' class='gform_fields top_label form_sublabel_below description_below'><div id=\"field_9_8\"  class=\"gfield gfield--type-html gfield--width-full gfield_html gfield_html_formatted gfield_no_follows_desc field_sublabel_below gfield--no-description field_description_below gfield_visibility_visible\"  data-js-reload=\"field_9_8\"><h2 class=\"contformtitle\">\u0130leti\u015fim Formu<\/h2><\/div><div id=\"field_9_6\"  class=\"gfield gfield--type-text gfield--width-third field_sublabel_below gfield--no-description field_description_below hidden_label gfield_visibility_visible\"  data-js-reload=\"field_9_6\"><label class='gfield_label gform-field-label' for='input_9_6' >Name<\/label><div class='ginput_container ginput_container_text'><input name='input_6' id='input_9_6' type='text' value='' class='large'    placeholder='Ad Soyad'  aria-invalid=\"false\"   \/> <\/div><\/div><div id=\"field_9_3\"  class=\"gfield gfield--type-email gfield--width-third field_sublabel_below gfield--no-description field_description_below hidden_label gfield_visibility_visible\"  data-js-reload=\"field_9_3\"><label class='gfield_label gform-field-label' for='input_9_3' >Email<\/label><div class='ginput_container ginput_container_email'>\n                            <input name='input_3' id='input_9_3' type='text' value='' class='large'   placeholder='E-mail'  aria-invalid=\"false\"  \/>\n                        <\/div><\/div><div id=\"field_9_7\"  class=\"gfield gfield--type-phone gfield--width-third field_sublabel_below gfield--no-description field_description_below hidden_label gfield_visibility_visible\"  data-js-reload=\"field_9_7\"><label class='gfield_label gform-field-label' for='input_9_7' >Telefon<\/label><div class='ginput_container ginput_container_phone'><input name='input_7' id='input_9_7' type='text' value='' class='large'  placeholder='Telefon'  aria-invalid=\"false\"   \/><\/div><\/div><div id=\"field_9_5\"  class=\"gfield gfield--type-textarea gfield--width-full field_sublabel_below gfield--no-description field_description_below hidden_label gfield_visibility_visible\"  data-js-reload=\"field_9_5\"><label class='gfield_label gform-field-label' for='input_9_5' >Mesaj<\/label><div class='ginput_container ginput_container_textarea'><textarea name='input_5' id='input_9_5' class='textarea small'    placeholder='Mesaj'  aria-invalid=\"false\"   rows='10' cols='50'><\/textarea><\/div><\/div><\/div><\/div>\n        <div class='gform_footer top_label'> <input type='submit' id='gform_submit_button_9' class='gform_button button' value='G\u00f6nder'  onclick='if(window[\"gf_submitting_9\"]){return false;}  window[\"gf_submitting_9\"]=true;  ' onkeypress='if( event.keyCode == 13 ){ if(window[\"gf_submitting_9\"]){return false;} window[\"gf_submitting_9\"]=true;  jQuery(\"#gform_9\").trigger(\"submit\",[true]); }' \/> \n            <input type='hidden' class='gform_hidden' name='is_submit_9' value='1' \/>\n            <input type='hidden' class='gform_hidden' name='gform_submit' value='9' \/>\n            \n            <input type='hidden' class='gform_hidden' name='gform_unique_id' value='' \/>\n            <input type='hidden' class='gform_hidden' name='state_9' value='WyJbXSIsIjZjMmE4NWQzNzFkOGVmYmJjOTBmN2IzYzI1NDZkNzVjIl0=' \/>\n            <input type='hidden' class='gform_hidden' name='gform_target_page_number_9' id='gform_target_page_number_9' value='0' \/>\n            <input type='hidden' class='gform_hidden' name='gform_source_page_number_9' id='gform_source_page_number_9' value='1' \/>\n            <input type='hidden' name='gform_field_values' value='' \/>\n            \n        <\/div>\n                        <\/form>\n                        <\/div><script type=\"text\/javascript\">\n\/* <![CDATA[ *\/\n gform.initializeOnLoaded( function() {gformInitSpinner( 9, 'https:\/\/bagerplastik.com\/wp-content\/plugins\/gravityforms\/images\/spinner.svg', true );jQuery('#gform_ajax_frame_9').on('load',function(){var contents = jQuery(this).contents().find('*').html();var is_postback = contents.indexOf('GF_AJAX_POSTBACK') >= 0;if(!is_postback){return;}var form_content = jQuery(this).contents().find('#gform_wrapper_9');var is_confirmation = jQuery(this).contents().find('#gform_confirmation_wrapper_9').length > 0;var is_redirect = contents.indexOf('gformRedirect(){') >= 0;var is_form = form_content.length > 0 && ! is_redirect && ! is_confirmation;var mt = parseInt(jQuery('html').css('margin-top'), 10) + parseInt(jQuery('body').css('margin-top'), 10) + 100;if(is_form){jQuery('#gform_wrapper_9').html(form_content.html());if(form_content.hasClass('gform_validation_error')){jQuery('#gform_wrapper_9').addClass('gform_validation_error');} else {jQuery('#gform_wrapper_9').removeClass('gform_validation_error');}setTimeout( function() { \/* delay the scroll by 50 milliseconds to fix a bug in chrome *\/  }, 50 );if(window['gformInitDatepicker']) {gformInitDatepicker();}if(window['gformInitPriceFields']) {gformInitPriceFields();}var current_page = jQuery('#gform_source_page_number_9').val();gformInitSpinner( 9, 'https:\/\/bagerplastik.com\/wp-content\/plugins\/gravityforms\/images\/spinner.svg', true );jQuery(document).trigger('gform_page_loaded', [9, current_page]);window['gf_submitting_9'] = false;}else if(!is_redirect){var confirmation_content = jQuery(this).contents().find('.GF_AJAX_POSTBACK').html();if(!confirmation_content){confirmation_content = contents;}setTimeout(function(){jQuery('#gform_wrapper_9').replaceWith(confirmation_content);jQuery(document).trigger('gform_confirmation_loaded', [9]);window['gf_submitting_9'] = false;wp.a11y.speak(jQuery('#gform_confirmation_message_9').text());}, 50);}else{jQuery('#gform_9').append(contents);if(window['gformRedirect']) {gformRedirect();}}jQuery(document).trigger('gform_post_render', [9, current_page]);gform.utils.trigger({ event: 'gform\/postRender', native: false, data: { formId: 9, currentPage: current_page } });} );} ); \n\/* ]]> *\/\n<\/script>\n[\/vc_column][\/vc_row][vc_row css=&#8221;.vc_custom_1695591109431{padding-top: 60px !important;padding-bottom: 60px !important;}&#8221;][vc_column width=&#8221;1\/3&#8243;][vc_row_inner][vc_column_inner][vc_custom_heading text=&#8221;Merkez&#8221; use_theme_fonts=&#8221;yes&#8221; el_class=&#8221;abouth2&#8243; css=&#8221;.vc_custom_1698788012344{margin-bottom: 25px !important;}&#8221;][vc_column_text]\u0130STO\u00c7 5. Ada Bager Plaza No: 61\/1<br \/>\nBa\u011fc\u0131lar \u0130stanbul Turkey<\/p>\n<p>+90 212 659 57 30-31<br \/>\ninfo@bagerplastik.com[\/vc_column_text][\/vc_column_inner][\/vc_row_inner][\/vc_column][vc_column width=&#8221;1\/3&#8243;][vc_row_inner][vc_column_inner][vc_custom_heading text=&#8221;Fabrika 1&#8243; use_theme_fonts=&#8221;yes&#8221; el_class=&#8221;abouth2&#8243; css=&#8221;.vc_custom_1698788019073{margin-bottom: 25px !important;}&#8221;][vc_column_text]\u00d6merli Mahallesi Harmantepe Caddesi No:7<br \/>\nArnavutk\u00f6y \u0130stanbul T\u00fcrkiye<\/p>\n<p>+90 212 858 25 53[\/vc_column_text][\/vc_column_inner][\/vc_row_inner][\/vc_column][vc_column width=&#8221;1\/3&#8243;][vc_row_inner][vc_column_inner][vc_custom_heading text=&#8221;Fabrika 2&#8243; use_theme_fonts=&#8221;yes&#8221; el_class=&#8221;abouth2&#8243; css=&#8221;.vc_custom_1698788024047{margin-bottom: 25px !important;}&#8221;][vc_column_text]\u00d6merli Mahallesi Harmantepe Caddesi No:5<br \/>\nArnavutk\u00f6y \u0130stanbul T\u00fcrkiye<\/p>\n<p>+90 212 858 25 53[\/vc_column_text][\/vc_column_inner][\/vc_row_inner][\/vc_column][\/vc_row][vc_row full_width=&#8221;stretch_row_content&#8221;][vc_column][vc_raw_html]JTNDc3R5bGUlM0UlMEEubWFwJTIwJTdCJTBBJTIwJTIwJTIwJTIwLXdlYmtpdC1maWx0ZXIlM0ElMjBncmF5c2NhbGUlMjgxMDAlMjUlMjklM0IlMEElMjAlMjAlMjAlMjAtbW96LWZpbHRlciUzQSUyMGdyYXlzY2FsZSUyODEwMCUyNSUyOSUzQiUwQSUyMCUyMCUyMCUyMC1tcy1maWx0ZXIlM0ElMjBncmF5c2NhbGUlMjgxMDAlMjUlMjklM0IlMEElMjAlMjAlMjAlMjAtby1maWx0ZXIlM0ElMjBncmF5c2NhbGUlMjgxMDAlMjUlMjklM0IlMEElMjAlMjAlMjAlMjBmaWx0ZXIlM0ElMjBncmF5c2NhbGUlMjgxMDAlMjUlMjklM0IlMEElN0QlMEElM0MlMkZzdHlsZSUzRSUwQSUzQ2lmcmFtZSUyMHNyYyUzRCUyMmh0dHBzJTNBJTJGJTJGd3d3Lmdvb2dsZS5jb20lMkZtYXBzJTJGZW1iZWQlM0ZwYiUzRCUyMTFtMTglMjExbTEyJTIxMW0zJTIxMWQxODguMDA5NTMxODg2MTcyNTclMjEyZDI4LjgyNjk5Njk3MjY4NzY4OCUyMTNkNDEuMDY1NjU4ODUwMTYzNDElMjEybTMlMjExZjAlMjEyZjAlMjEzZjAlMjEzbTIlMjExaTEwMjQlMjEyaTc2OCUyMTRmMTMuMSUyMTNtMyUyMTFtMiUyMTFzMHgxNGNhYTU2NTA1MDUwYzBmJTI1M0EweGM0ZjQ2ZDZkNDgyNmUxZTQlMjEyc0JhZ2VyJTI1MjBQbGF6YSUyMTVlMCUyMTNtMiUyMTFzdHIlMjEyc3VzJTIxNHYxNzAxNzAyOTM1NjIwJTIxNW0yJTIxMXN0ciUyMTJzdXMlMjIlMjBjbGFzcyUzRCUyMm1hcCUyMiUyMHdpZHRoJTNEJTIyMTAwJTI1JTIyJTIwaGVpZ2h0JTNEJTIyNDUwJTIyJTIwc3R5bGUlM0QlMjJib3JkZXIlM0EwJTNCJTIyJTIwYWxsb3dmdWxsc2NyZWVuJTNEJTIyJTIyJTIwbG9hZGluZyUzRCUyMmxhenklMjIlMjByZWZlcnJlcnBvbGljeSUzRCUyMm5vLXJlZmVycmVyLXdoZW4tZG93bmdyYWRlJTIyJTNFJTNDJTJGaWZyYW1lJTNF[\/vc_raw_html][\/vc_column][\/vc_row]<\/p>\n<\/section>","protected":false},"excerpt":{"rendered":"<p>[vc_row el_class=&#8221;contform&#8221; css=&#8221;.vc_custom_1695592896159{margin-bottom: 60px !important;}&#8221;][vc_column][\/vc_column][\/vc_row][vc_row css=&#8221;.vc_custom_1695591109431{padding-top: 60px !important;padding-bottom: 60px !important;}&#8221;][vc_column width=&#8221;1\/3&#8243;][vc_row_inner][vc_column_inner][vc_custom_heading text=&#8221;Merkez&#8221; use_theme_fonts=&#8221;yes&#8221; el_class=&#8221;abouth2&#8243; css=&#8221;.vc_custom_1698788012344{margin-bottom: 25px !important;}&#8221;][vc_column_text]\u0130STO\u00c7 5. Ada Bager Plaza No: 61\/1 Ba\u011fc\u0131lar \u0130stanbul Turkey +90 212 659 57 30-31 info@bagerplastik.com[\/vc_column_text][\/vc_column_inner][\/vc_row_inner][\/vc_column][vc_column width=&#8221;1\/3&#8243;][vc_row_inner][vc_column_inner][vc_custom_heading text=&#8221;Fabrika 1&#8243; use_theme_fonts=&#8221;yes&#8221; el_class=&#8221;abouth2&#8243; css=&#8221;.vc_custom_1698788019073{margin-bottom: 25px !important;}&#8221;][vc_column_text]\u00d6merli Mahallesi Harmantepe Caddesi No:7 Arnavutk\u00f6y \u0130stanbul T\u00fcrkiye +90 212 858 25 53[\/vc_column_text][\/vc_column_inner][\/vc_row_inner][\/vc_column][vc_column width=&#8221;1\/3&#8243;][vc_row_inner][vc_column_inner][vc_custom_heading text=&#8221;Fabrika 2&#8243; use_theme_fonts=&#8221;yes&#8221; el_class=&#8221;abouth2&#8243; css=&#8221;.vc_custom_1698788024047{margin-bottom: 25px !important;}&#8221;][vc_column_text]\u00d6merli Mahallesi Harmantepe Caddesi No:5 Arnavutk\u00f6y \u0130stanbul T\u00fcrkiye +90 212 858 25 53[\/vc_column_text][\/vc_column_inner][\/vc_row_inner][\/vc_column][\/vc_row][vc_row full_width=&#8221;stretch_row_content&#8221;][vc_column][vc_raw_html]JTNDc3R5bGUlM0UlMEEubWFwJTIwJTdCJTBBJTIwJTIwJTIwJTIwLXdlYmtpdC1maWx0ZXIlM0ElMjBncmF5c2NhbGUlMjgxMDAlMjUlMjklM0IlMEElMjAlMjAlMjAlMjAtbW96LWZpbHRlciUzQSUyMGdyYXlzY2FsZSUyODEwMCUyNSUyOSUzQiUwQSUyMCUyMCUyMCUyMC1tcy1maWx0ZXIlM0ElMjBncmF5c2NhbGUlMjgxMDAlMjUlMjklM0IlMEElMjAlMjAlMjAlMjAtby1maWx0ZXIlM0ElMjBncmF5c2NhbGUlMjgxMDAlMjUlMjklM0IlMEElMjAlMjAlMjAlMjBmaWx0ZXIlM0ElMjBncmF5c2NhbGUlMjgxMDAlMjUlMjklM0IlMEElN0QlMEElM0MlMkZzdHlsZSUzRSUwQSUzQ2lmcmFtZSUyMHNyYyUzRCUyMmh0dHBzJTNBJTJGJTJGd3d3Lmdvb2dsZS5jb20lMkZtYXBzJTJGZW1iZWQlM0ZwYiUzRCUyMTFtMTglMjExbTEyJTIxMW0zJTIxMWQxODguMDA5NTMxODg2MTcyNTclMjEyZDI4LjgyNjk5Njk3MjY4NzY4OCUyMTNkNDEuMDY1NjU4ODUwMTYzNDElMjEybTMlMjExZjAlMjEyZjAlMjEzZjAlMjEzbTIlMjExaTEwMjQlMjEyaTc2OCUyMTRmMTMuMSUyMTNtMyUyMTFtMiUyMTFzMHgxNGNhYTU2NTA1MDUwYzBmJTI1M0EweGM0ZjQ2ZDZkNDgyNmUxZTQlMjEyc0JhZ2VyJTI1MjBQbGF6YSUyMTVlMCUyMTNtMiUyMTFzdHIlMjEyc3VzJTIxNHYxNzAxNzAyOTM1NjIwJTIxNW0yJTIxMXN0ciUyMTJzdXMlMjIlMjBjbGFzcyUzRCUyMm1hcCUyMiUyMHdpZHRoJTNEJTIyMTAwJTI1JTIyJTIwaGVpZ2h0JTNEJTIyNDUwJTIyJTIwc3R5bGUlM0QlMjJib3JkZXIlM0EwJTNCJTIyJTIwYWxsb3dmdWxsc2NyZWVuJTNEJTIyJTIyJTIwbG9hZGluZyUzRCUyMmxhenklMjIlMjByZWZlcnJlcnBvbGljeSUzRCUyMm5vLXJlZmVycmVyLXdoZW4tZG93bmdyYWRlJTIyJTNFJTNDJTJGaWZyYW1lJTNF[\/vc_raw_html][\/vc_column][\/vc_row]<\/p>\n","protected":false},"author":1,"featured_media":0,"parent":0,"menu_order":0,"comment_status":"closed","ping_status":"closed","template":"","meta":{"footnotes":""},"class_list":["post-25690","page","type-page","status-publish","hentry"],"yoast_head":"<!-- This site is optimized with the Yoast SEO plugin v21.9 - https:\/\/yoast.com\/wordpress\/plugins\/seo\/ -->\n<title>\u0130leti\u015fim - Bager<\/title>\n<meta name=\"robots\" content=\"index, follow, max-snippet:-1, max-image-preview:large, max-video-preview:-1\" \/>\n<link rel=\"canonical\" href=\"https:\/\/bagerplastik.com\/tr\/iletisim\/\" \/>\n<meta property=\"og:locale\" content=\"tr_TR\" \/>\n<meta property=\"og:type\" content=\"article\" \/>\n<meta property=\"og:title\" content=\"\u0130leti\u015fim - Bager\" \/>\n<meta property=\"og:description\" content=\"[vc_row el_class=&#8221;contform&#8221; css=&#8221;.vc_custom_1695592896159{margin-bottom: 60px !important;}&#8221;][vc_column][\/vc_column][\/vc_row][vc_row css=&#8221;.vc_custom_1695591109431{padding-top: 60px !important;padding-bottom: 60px !important;}&#8221;][vc_column width=&#8221;1\/3&#8243;][vc_row_inner][vc_column_inner][vc_custom_heading text=&#8221;Merkez&#8221; use_theme_fonts=&#8221;yes&#8221; el_class=&#8221;abouth2&#8243; css=&#8221;.vc_custom_1698788012344{margin-bottom: 25px !important;}&#8221;][vc_column_text]\u0130STO\u00c7 5. Ada Bager Plaza No: 61\/1 Ba\u011fc\u0131lar \u0130stanbul Turkey +90 212 659 57 30-31 info@bagerplastik.com[\/vc_column_text][\/vc_column_inner][\/vc_row_inner][\/vc_column][vc_column width=&#8221;1\/3&#8243;][vc_row_inner][vc_column_inner][vc_custom_heading text=&#8221;Fabrika 1&#8243; use_theme_fonts=&#8221;yes&#8221; el_class=&#8221;abouth2&#8243; css=&#8221;.vc_custom_1698788019073{margin-bottom: 25px !important;}&#8221;][vc_column_text]\u00d6merli Mahallesi Harmantepe Caddesi No:7 Arnavutk\u00f6y \u0130stanbul T\u00fcrkiye +90 212 858 25 53[\/vc_column_text][\/vc_column_inner][\/vc_row_inner][\/vc_column][vc_column width=&#8221;1\/3&#8243;][vc_row_inner][vc_column_inner][vc_custom_heading text=&#8221;Fabrika 2&#8243; use_theme_fonts=&#8221;yes&#8221; el_class=&#8221;abouth2&#8243; css=&#8221;.vc_custom_1698788024047{margin-bottom: 25px !important;}&#8221;][vc_column_text]\u00d6merli Mahallesi Harmantepe Caddesi No:5 Arnavutk\u00f6y \u0130stanbul T\u00fcrkiye +90 212 858 25 53[\/vc_column_text][\/vc_column_inner][\/vc_row_inner][\/vc_column][\/vc_row][vc_row full_width=&#8221;stretch_row_content&#8221;][vc_column][vc_raw_html]JTNDc3R5bGUlM0UlMEEubWFwJTIwJTdCJTBBJTIwJTIwJTIwJTIwLXdlYmtpdC1maWx0ZXIlM0ElMjBncmF5c2NhbGUlMjgxMDAlMjUlMjklM0IlMEElMjAlMjAlMjAlMjAtbW96LWZpbHRlciUzQSUyMGdyYXlzY2FsZSUyODEwMCUyNSUyOSUzQiUwQSUyMCUyMCUyMCUyMC1tcy1maWx0ZXIlM0ElMjBncmF5c2NhbGUlMjgxMDAlMjUlMjklM0IlMEElMjAlMjAlMjAlMjAtby1maWx0ZXIlM0ElMjBncmF5c2NhbGUlMjgxMDAlMjUlMjklM0IlMEElMjAlMjAlMjAlMjBmaWx0ZXIlM0ElMjBncmF5c2NhbGUlMjgxMDAlMjUlMjklM0IlMEElN0QlMEElM0MlMkZzdHlsZSUzRSUwQSUzQ2lmcmFtZSUyMHNyYyUzRCUyMmh0dHBzJTNBJTJGJTJGd3d3Lmdvb2dsZS5jb20lMkZtYXBzJTJGZW1iZWQlM0ZwYiUzRCUyMTFtMTglMjExbTEyJTIxMW0zJTIxMWQxODguMDA5NTMxODg2MTcyNTclMjEyZDI4LjgyNjk5Njk3MjY4NzY4OCUyMTNkNDEuMDY1NjU4ODUwMTYzNDElMjEybTMlMjExZjAlMjEyZjAlMjEzZjAlMjEzbTIlMjExaTEwMjQlMjEyaTc2OCUyMTRmMTMuMSUyMTNtMyUyMTFtMiUyMTFzMHgxNGNhYTU2NTA1MDUwYzBmJTI1M0EweGM0ZjQ2ZDZkNDgyNmUxZTQlMjEyc0JhZ2VyJTI1MjBQbGF6YSUyMTVlMCUyMTNtMiUyMTFzdHIlMjEyc3VzJTIxNHYxNzAxNzAyOTM1NjIwJTIxNW0yJTIxMXN0ciUyMTJzdXMlMjIlMjBjbGFzcyUzRCUyMm1hcCUyMiUyMHdpZHRoJTNEJTIyMTAwJTI1JTIyJTIwaGVpZ2h0JTNEJTIyNDUwJTIyJTIwc3R5bGUlM0QlMjJib3JkZXIlM0EwJTNCJTIyJTIwYWxsb3dmdWxsc2NyZWVuJTNEJTIyJTIyJTIwbG9hZGluZyUzRCUyMmxhenklMjIlMjByZWZlcnJlcnBvbGljeSUzRCUyMm5vLXJlZmVycmVyLXdoZW4tZG93bmdyYWRlJTIyJTNFJTNDJTJGaWZyYW1lJTNF[\/vc_raw_html][\/vc_column][\/vc_row]\" \/>\n<meta property=\"og:url\" content=\"https:\/\/bagerplastik.com\/tr\/iletisim\/\" \/>\n<meta property=\"og:site_name\" content=\"Bager\" \/>\n<meta property=\"article:modified_time\" content=\"2024-01-24T08:53:06+00:00\" \/>\n<meta name=\"twitter:card\" content=\"summary_large_image\" \/>\n<meta name=\"twitter:label1\" content=\"Tahmini okuma s\u00fcresi\" \/>\n\t<meta name=\"twitter:data1\" content=\"1 dakika\" \/>\n<script type=\"application\/ld+json\" class=\"yoast-schema-graph\">{\"@context\":\"https:\/\/schema.org\",\"@graph\":[{\"@type\":\"WebPage\",\"@id\":\"https:\/\/bagerplastik.com\/tr\/iletisim\/\",\"url\":\"https:\/\/bagerplastik.com\/tr\/iletisim\/\",\"name\":\"\u0130leti\u015fim - Bager\",\"isPartOf\":{\"@id\":\"https:\/\/bagerplastik.com\/#website\"},\"datePublished\":\"2023-09-24T21:41:31+00:00\",\"dateModified\":\"2024-01-24T08:53:06+00:00\",\"breadcrumb\":{\"@id\":\"https:\/\/bagerplastik.com\/tr\/iletisim\/#breadcrumb\"},\"inLanguage\":\"tr\",\"potentialAction\":[{\"@type\":\"ReadAction\",\"target\":[\"https:\/\/bagerplastik.com\/tr\/iletisim\/\"]}]},{\"@type\":\"BreadcrumbList\",\"@id\":\"https:\/\/bagerplastik.com\/tr\/iletisim\/#breadcrumb\",\"itemListElement\":[{\"@type\":\"ListItem\",\"position\":1,\"name\":\"Home\",\"item\":\"https:\/\/bagerplastik.com\/tr\/\"},{\"@type\":\"ListItem\",\"position\":2,\"name\":\"\u0130leti\u015fim\"}]},{\"@type\":\"WebSite\",\"@id\":\"https:\/\/bagerplastik.com\/#website\",\"url\":\"https:\/\/bagerplastik.com\/\",\"name\":\"Bager\",\"description\":\"\",\"potentialAction\":[{\"@type\":\"SearchAction\",\"target\":{\"@type\":\"EntryPoint\",\"urlTemplate\":\"https:\/\/bagerplastik.com\/?s={search_term_string}\"},\"query-input\":\"required name=search_term_string\"}],\"inLanguage\":\"tr\"}]}<\/script>\n<!-- \/ Yoast SEO plugin. -->","yoast_head_json":{"title":"\u0130leti\u015fim - Bager","robots":{"index":"index","follow":"follow","max-snippet":"max-snippet:-1","max-image-preview":"max-image-preview:large","max-video-preview":"max-video-preview:-1"},"canonical":"https:\/\/bagerplastik.com\/tr\/iletisim\/","og_locale":"tr_TR","og_type":"article","og_title":"\u0130leti\u015fim - Bager","og_description":"[vc_row el_class=&#8221;contform&#8221; css=&#8221;.vc_custom_1695592896159{margin-bottom: 60px !important;}&#8221;][vc_column][\/vc_column][\/vc_row][vc_row css=&#8221;.vc_custom_1695591109431{padding-top: 60px !important;padding-bottom: 60px !important;}&#8221;][vc_column width=&#8221;1\/3&#8243;][vc_row_inner][vc_column_inner][vc_custom_heading text=&#8221;Merkez&#8221; use_theme_fonts=&#8221;yes&#8221; el_class=&#8221;abouth2&#8243; css=&#8221;.vc_custom_1698788012344{margin-bottom: 25px !important;}&#8221;][vc_column_text]\u0130STO\u00c7 5. Ada Bager Plaza No: 61\/1 Ba\u011fc\u0131lar \u0130stanbul Turkey +90 212 659 57 30-31 info@bagerplastik.com[\/vc_column_text][\/vc_column_inner][\/vc_row_inner][\/vc_column][vc_column width=&#8221;1\/3&#8243;][vc_row_inner][vc_column_inner][vc_custom_heading text=&#8221;Fabrika 1&#8243; use_theme_fonts=&#8221;yes&#8221; el_class=&#8221;abouth2&#8243; css=&#8221;.vc_custom_1698788019073{margin-bottom: 25px !important;}&#8221;][vc_column_text]\u00d6merli Mahallesi Harmantepe Caddesi No:7 Arnavutk\u00f6y \u0130stanbul T\u00fcrkiye +90 212 858 25 53[\/vc_column_text][\/vc_column_inner][\/vc_row_inner][\/vc_column][vc_column width=&#8221;1\/3&#8243;][vc_row_inner][vc_column_inner][vc_custom_heading text=&#8221;Fabrika 2&#8243; use_theme_fonts=&#8221;yes&#8221; el_class=&#8221;abouth2&#8243; css=&#8221;.vc_custom_1698788024047{margin-bottom: 25px !important;}&#8221;][vc_column_text]\u00d6merli Mahallesi Harmantepe Caddesi No:5 Arnavutk\u00f6y \u0130stanbul T\u00fcrkiye +90 212 858 25 53[\/vc_column_text][\/vc_column_inner][\/vc_row_inner][\/vc_column][\/vc_row][vc_row full_width=&#8221;stretch_row_content&#8221;][vc_column][vc_raw_html]JTNDc3R5bGUlM0UlMEEubWFwJTIwJTdCJTBBJTIwJTIwJTIwJTIwLXdlYmtpdC1maWx0ZXIlM0ElMjBncmF5c2NhbGUlMjgxMDAlMjUlMjklM0IlMEElMjAlMjAlMjAlMjAtbW96LWZpbHRlciUzQSUyMGdyYXlzY2FsZSUyODEwMCUyNSUyOSUzQiUwQSUyMCUyMCUyMCUyMC1tcy1maWx0ZXIlM0ElMjBncmF5c2NhbGUlMjgxMDAlMjUlMjklM0IlMEElMjAlMjAlMjAlMjAtby1maWx0ZXIlM0ElMjBncmF5c2NhbGUlMjgxMDAlMjUlMjklM0IlMEElMjAlMjAlMjAlMjBmaWx0ZXIlM0ElMjBncmF5c2NhbGUlMjgxMDAlMjUlMjklM0IlMEElN0QlMEElM0MlMkZzdHlsZSUzRSUwQSUzQ2lmcmFtZSUyMHNyYyUzRCUyMmh0dHBzJTNBJTJGJTJGd3d3Lmdvb2dsZS5jb20lMkZtYXBzJTJGZW1iZWQlM0ZwYiUzRCUyMTFtMTglMjExbTEyJTIxMW0zJTIxMWQxODguMDA5NTMxODg2MTcyNTclMjEyZDI4LjgyNjk5Njk3MjY4NzY4OCUyMTNkNDEuMDY1NjU4ODUwMTYzNDElMjEybTMlMjExZjAlMjEyZjAlMjEzZjAlMjEzbTIlMjExaTEwMjQlMjEyaTc2OCUyMTRmMTMuMSUyMTNtMyUyMTFtMiUyMTFzMHgxNGNhYTU2NTA1MDUwYzBmJTI1M0EweGM0ZjQ2ZDZkNDgyNmUxZTQlMjEyc0JhZ2VyJTI1MjBQbGF6YSUyMTVlMCUyMTNtMiUyMTFzdHIlMjEyc3VzJTIxNHYxNzAxNzAyOTM1NjIwJTIxNW0yJTIxMXN0ciUyMTJzdXMlMjIlMjBjbGFzcyUzRCUyMm1hcCUyMiUyMHdpZHRoJTNEJTIyMTAwJTI1JTIyJTIwaGVpZ2h0JTNEJTIyNDUwJTIyJTIwc3R5bGUlM0QlMjJib3JkZXIlM0EwJTNCJTIyJTIwYWxsb3dmdWxsc2NyZWVuJTNEJTIyJTIyJTIwbG9hZGluZyUzRCUyMmxhenklMjIlMjByZWZlcnJlcnBvbGljeSUzRCUyMm5vLXJlZmVycmVyLXdoZW4tZG93bmdyYWRlJTIyJTNFJTNDJTJGaWZyYW1lJTNF[\/vc_raw_html][\/vc_column][\/vc_row]","og_url":"https:\/\/bagerplastik.com\/tr\/iletisim\/","og_site_name":"Bager","article_modified_time":"2024-01-24T08:53:06+00:00","twitter_card":"summary_large_image","twitter_misc":{"Tahmini okuma s\u00fcresi":"1 dakika"},"schema":{"@context":"https:\/\/schema.org","@graph":[{"@type":"WebPage","@id":"https:\/\/bagerplastik.com\/tr\/iletisim\/","url":"https:\/\/bagerplastik.com\/tr\/iletisim\/","name":"\u0130leti\u015fim - Bager","isPartOf":{"@id":"https:\/\/bagerplastik.com\/#website"},"datePublished":"2023-09-24T21:41:31+00:00","dateModified":"2024-01-24T08:53:06+00:00","breadcrumb":{"@id":"https:\/\/bagerplastik.com\/tr\/iletisim\/#breadcrumb"},"inLanguage":"tr","potentialAction":[{"@type":"ReadAction","target":["https:\/\/bagerplastik.com\/tr\/iletisim\/"]}]},{"@type":"BreadcrumbList","@id":"https:\/\/bagerplastik.com\/tr\/iletisim\/#breadcrumb","itemListElement":[{"@type":"ListItem","position":1,"name":"Home","item":"https:\/\/bagerplastik.com\/tr\/"},{"@type":"ListItem","position":2,"name":"\u0130leti\u015fim"}]},{"@type":"WebSite","@id":"https:\/\/bagerplastik.com\/#website","url":"https:\/\/bagerplastik.com\/","name":"Bager","description":"","potentialAction":[{"@type":"SearchAction","target":{"@type":"EntryPoint","urlTemplate":"https:\/\/bagerplastik.com\/?s={search_term_string}"},"query-input":"required name=search_term_string"}],"inLanguage":"tr"}]}},"_links":{"self":[{"href":"https:\/\/bagerplastik.com\/tr\/wp-json\/wp\/v2\/pages\/25690","targetHints":{"allow":["GET"]}}],"collection":[{"href":"https:\/\/bagerplastik.com\/tr\/wp-json\/wp\/v2\/pages"}],"about":[{"href":"https:\/\/bagerplastik.com\/tr\/wp-json\/wp\/v2\/types\/page"}],"author":[{"embeddable":true,"href":"https:\/\/bagerplastik.com\/tr\/wp-json\/wp\/v2\/users\/1"}],"replies":[{"embeddable":true,"href":"https:\/\/bagerplastik.com\/tr\/wp-json\/wp\/v2\/comments?post=25690"}],"version-history":[{"count":3,"href":"https:\/\/bagerplastik.com\/tr\/wp-json\/wp\/v2\/pages\/25690\/revisions"}],"predecessor-version":[{"id":25855,"href":"https:\/\/bagerplastik.com\/tr\/wp-json\/wp\/v2\/pages\/25690\/revisions\/25855"}],"wp:attachment":[{"href":"https:\/\/bagerplastik.com\/tr\/wp-json\/wp\/v2\/media?parent=25690"}],"curies":[{"name":"wp","href":"https:\/\/api.w.org\/{rel}","templated":true}]}}