{"id":25688,"date":"2023-09-25T00:22:20","date_gmt":"2023-09-24T21:22:20","guid":{"rendered":"https:\/\/bagerplastik.com\/about-bager\/"},"modified":"2024-01-24T09:44:49","modified_gmt":"2024-01-24T06:44:49","slug":"hakkimizda","status":"publish","type":"page","link":"https:\/\/bagerplastik.com\/tr\/hakkimizda\/","title":{"rendered":"Hakk\u0131m\u0131zda"},"content":{"rendered":"<section class=\"wpb-content-wrapper\"><p>[vc_row css=&#8221;.vc_custom_1695591109431{padding-top: 60px !important;padding-bottom: 60px !important;}&#8221;][vc_column width=&#8221;1\/3&#8243;][vc_custom_heading text=&#8221;Bager Hakk\u0131nda&#8221; use_theme_fonts=&#8221;yes&#8221; el_class=&#8221;abouth2&#8243;][\/vc_column][vc_column width=&#8221;2\/3&#8243;][vc_column_text el_class=&#8221;max1150&#8243;]2005 y\u0131l\u0131ndan itibaren BAGER, plastik mutfak ve banyo \u00fcr\u00fcnleri sekt\u00f6r\u00fcnde g\u00f6sterdi\u011fi istikrarl\u0131 b\u00fcy\u00fcme ve yenilik\u00e7i yakla\u015f\u0131m\u0131yla tan\u0131nan bir marka olmu\u015ftur.<br \/>\nFirman\u0131n b\u00fcy\u00fcmesi, kendi i\u00e7inde yetenekli bir tasar\u0131m ekibine sahip olmas\u0131ndan kaynaklanmaktad\u0131r. Her \u00fcr\u00fcn\u00fcn\u00fc bu uzman ekip taraf\u0131ndan \u00f6zenle tasarlanan BAGER, \u00fcretimini \u0130stanbul Had\u0131mk\u00f6y&#8217;deki modern tesisinde ger\u00e7ekle\u015ftirmektedir. 15.000 m2&#8217;lik kapal\u0131 alana sahip bu tesis, sadece tasar\u0131m de\u011fil ayn\u0131 zamanda \u00fcretim s\u00fcre\u00e7lerinde de kaliteyi \u00f6n planda tutmaktad\u0131r. Hammadde se\u00e7iminden \u00fcretim band\u0131na, paketleme a\u015famas\u0131na kadar olan her detayda kalite standartlar\u0131n\u0131 en \u00fcst d\u00fczeyde tutarak m\u00fc\u015fteri memnuniyetini sa\u011flamaktad\u0131r.<\/p>\n<p>BAGER, sadece T\u00fcrkiye&#8217;de de\u011fil, uluslararas\u0131 alanda da ad\u0131ndan s\u00f6z ettirmektedir. \u0130hracat alan\u0131nda \u00f6nemli ad\u0131mlar atm\u0131\u015f olan firma, \u00fcr\u00fcnlerini uluslararas\u0131 sa\u011fl\u0131k ve kalite normlar\u0131na uygun olarak \u00fcreterek d\u00fcnya pazar\u0131nda kendine sa\u011flam bir yer edinmi\u015ftir. Bug\u00fcn itibariyle 75&#8217;ten fazla \u00fclkeye ihracat yaparak k\u00fcresel bir oyuncu olma yolunda emin ad\u0131mlarla ilerlemektedir.<\/p>\n<p>BAGER&#8217;\u0131n temel amac\u0131, m\u00fc\u015fteri memnuniyetini sa\u011flarken estetik ve fonksiyonelli\u011fi bir araya getirmektir. \u015e\u0131k tasar\u0131mlar\u0131m\u0131z sadece evlerinizi g\u00fczelle\u015ftirmekle kalmaz, ayn\u0131 zamanda \u00fcr\u00fcnlerimizin sa\u011fl\u0131\u011f\u0131n\u0131za uygunlu\u011fuyla da \u00f6ne \u00e7\u0131kar. Gelecekte de m\u00fc\u015fteri odakl\u0131 yakla\u015f\u0131m\u0131m\u0131z\u0131 s\u00fcrd\u00fcrerek, inovasyon ve kaliteyi bir araya getiren \u00fcr\u00fcnlerle m\u00fc\u015fterilerimize benzersiz deneyimler sunmaya devam edece\u011fiz.<\/p>\n<p>BAGER, ileriye y\u00f6nelik stratejik vizyonuyla plastik mutfak ve banyo \u00fcr\u00fcnleri sekt\u00f6r\u00fcnde \u00f6nc\u00fc bir rol \u00fcstlenmeye kararl\u0131d\u0131r. Gelecekte, teknolojik yenilikleri takip ederek \u00fcr\u00fcn portf\u00f6y\u00fcn\u00fc daha da geni\u015fleterek, kullan\u0131c\u0131lar\u0131n ya\u015fam tarzlar\u0131na uygun \u00e7\u00f6z\u00fcmler sunmay\u0131 hedeflemektedir. Yenilik\u00e7i malzeme ve \u00fcretim tekniklerini benimseyerek, sadece dayan\u0131kl\u0131l\u0131k ve estetikle de\u011fil ayn\u0131 zamanda \u00e7evresel s\u00fcrd\u00fcr\u00fclebilirlikle de \u00f6ne \u00e7\u0131kan \u00fcr\u00fcnler sunmay\u0131 planlamaktad\u0131r.<\/p>\n<p>BAGER olarak, m\u00fc\u015fterilerimize de\u011fer katacak, ya\u015fam kalitelerini art\u0131racak ve \u00e7evresel sorumluluklar\u0131m\u0131za uygun \u00fcr\u00fcnler sunma konusundaki kararl\u0131l\u0131\u011f\u0131m\u0131z\u0131 s\u00fcrd\u00fcrmeye devam ediyoruz. Gelecekte de kalite, yenilik ve s\u00fcrd\u00fcr\u00fclebilirlik prensiplerine odaklanarak, sekt\u00f6rdeki lider konumumuzu daha da g\u00fc\u00e7lendirmeyi ama\u00e7l\u0131yoruz.[\/vc_column_text][\/vc_column][\/vc_row][vc_row full_width=&#8221;stretch_row_content_no_spaces&#8221; css=&#8221;.vc_custom_1695590995421{margin-top: 30px !important;}&#8221;][vc_column][vc_single_image image=&#8221;572&#8243; img_size=&#8221;full&#8221; alignment=&#8221;center&#8221;][\/vc_column][\/vc_row][vc_row css=&#8221;.vc_custom_1695591109431{padding-top: 60px !important;padding-bottom: 60px !important;}&#8221;][vc_column width=&#8221;1\/3&#8243;][vc_custom_heading text=&#8221;\u00dcretim&#8221; use_theme_fonts=&#8221;yes&#8221; el_class=&#8221;abouth2&#8243;][\/vc_column][vc_column width=&#8221;2\/3&#8243;][vc_column_text el_class=&#8221;max770&#8243;]\u00dcr\u00fcn \u00e7e\u015fitlili\u011fi h\u0131zla b\u00fcy\u00fcyen BAGER, t\u00fcm tasar\u0131mlar\u0131 kendi ekibiyle olu\u015fturmakta ve \u0130stanbul Had\u0131mk\u00f6y&#8217;de 15.000 m2 kapal\u0131 alanda \u00fcretim yapmaktad\u0131r. Tasar\u0131mdan hammadde se\u00e7imine, \u00fcretim band\u0131ndan paketlemeye kadar \u00fcretimin her a\u015famas\u0131nda kalite en \u00f6nemli fakt\u00f6rd\u00fcr. .[\/vc_column_text][\/vc_column][\/vc_row][vc_row content_placement=&#8221;middle&#8221; css=&#8221;.vc_custom_1695591440850{margin-top: 60px !important;}&#8221;][vc_column width=&#8221;1\/2&#8243;][vc_single_image image=&#8221;581&#8243; img_size=&#8221;full&#8221;][\/vc_column][vc_column width=&#8221;1\/2&#8243;][vc_custom_heading text=&#8221;\u0130hracat&#8221; use_theme_fonts=&#8221;yes&#8221; el_class=&#8221;abouth2&#8243; css=&#8221;.vc_custom_1698778640644{margin-bottom: 20px !important;padding-left: 30px !important;}&#8221;][vc_column_text el_class=&#8221;max425&#8243; css=&#8221;.vc_custom_1698778652555{padding-left: 30px !important;}&#8221;]BAGER, ihracat alan\u0131nda ciddi ad\u0131mlarla ilerlemi\u015f olup, bug\u00fcn uluslararas\u0131 sa\u011fl\u0131k ve kalite normlar\u0131na uygun \u00fcr\u00fcnleriyle 75&#8217;ten fazla \u00fclkeye ihracat yapmaktad\u0131r.<\/p>\n<p>BAGER olarak temel amac\u0131m\u0131z \u015f\u0131k tasar\u0131mlarla evlerinizde yer al\u0131rken ayn\u0131 zamanda m\u00fc\u015fterilerimizin sa\u011fl\u0131\u011f\u0131n\u0131 da \u00f6n planda tutan \u00fcr\u00fcnler \u00fcretmektir.[\/vc_column_text][\/vc_column][\/vc_row][vc_row][vc_column][vc_column_text]<\/p>\n<p>[\/vc_column_text][\/vc_column][\/vc_row][vc_row css=&#8221;.vc_custom_1695591532983{margin-top: 70px !important;padding-top: 60px !important;padding-bottom: 60px !important;}&#8221;][vc_column width=&#8221;1\/3&#8243;][vc_custom_heading text=&#8221;Sertifikalar&#8221; use_theme_fonts=&#8221;yes&#8221; el_class=&#8221;abouth2&#8243;][\/vc_column][vc_column width=&#8221;2\/3&#8243;][vc_row_inner css=&#8221;.vc_custom_1703170015584{margin-bottom: 30px !important;}&#8221;][vc_column_inner width=&#8221;1\/4&#8243;][vc_single_image image=&#8221;6327&#8243; img_size=&#8221;full&#8221; onclick=&#8221;link_image&#8221;][\/vc_column_inner][vc_column_inner width=&#8221;1\/4&#8243;][vc_single_image image=&#8221;6328&#8243; img_size=&#8221;full&#8221; onclick=&#8221;link_image&#8221;][\/vc_column_inner][vc_column_inner width=&#8221;1\/4&#8243;][vc_single_image image=&#8221;6329&#8243; img_size=&#8221;full&#8221; onclick=&#8221;link_image&#8221;][\/vc_column_inner][vc_column_inner width=&#8221;1\/4&#8243;][vc_single_image image=&#8221;6330&#8243; img_size=&#8221;full&#8221; onclick=&#8221;link_image&#8221;][\/vc_column_inner][\/vc_row_inner][vc_row_inner][vc_column_inner width=&#8221;1\/2&#8243;][vc_single_image image=&#8221;6332&#8243; img_size=&#8221;full&#8221; alignment=&#8221;center&#8221;][\/vc_column_inner][vc_column_inner width=&#8221;1\/2&#8243;][vc_single_image image=&#8221;6331&#8243; img_size=&#8221;full&#8221; alignment=&#8221;center&#8221;][\/vc_column_inner][\/vc_row_inner][\/vc_column][\/vc_row]<\/p>\n<\/section>","protected":false},"excerpt":{"rendered":"<p>[vc_row css=&#8221;.vc_custom_1695591109431{padding-top: 60px !important;padding-bottom: 60px !important;}&#8221;][vc_column width=&#8221;1\/3&#8243;][vc_custom_heading text=&#8221;Bager Hakk\u0131nda&#8221; use_theme_fonts=&#8221;yes&#8221; el_class=&#8221;abouth2&#8243;][\/vc_column][vc_column width=&#8221;2\/3&#8243;][vc_column_text el_class=&#8221;max1150&#8243;]2005 y\u0131l\u0131ndan itibaren BAGER, plastik mutfak ve banyo \u00fcr\u00fcnleri sekt\u00f6r\u00fcnde g\u00f6sterdi\u011fi istikrarl\u0131 b\u00fcy\u00fcme ve yenilik\u00e7i yakla\u015f\u0131m\u0131yla tan\u0131nan bir marka olmu\u015ftur. Firman\u0131n b\u00fcy\u00fcmesi, kendi i\u00e7inde yetenekli bir tasar\u0131m ekibine sahip olmas\u0131ndan kaynaklanmaktad\u0131r. Her \u00fcr\u00fcn\u00fcn\u00fc bu uzman ekip taraf\u0131ndan \u00f6zenle tasarlanan BAGER, \u00fcretimini \u0130stanbul Had\u0131mk\u00f6y&#8217;deki modern tesisinde ger\u00e7ekle\u015ftirmektedir. 15.000 m2&#8217;lik kapal\u0131 alana sahip bu tesis, sadece tasar\u0131m de\u011fil ayn\u0131 zamanda \u00fcretim s\u00fcre\u00e7lerinde de kaliteyi \u00f6n planda tutmaktad\u0131r. Hammadde se\u00e7iminden \u00fcretim band\u0131na, paketleme a\u015famas\u0131na kadar olan her detayda kalite standartlar\u0131n\u0131 en \u00fcst d\u00fczeyde tutarak m\u00fc\u015fteri memnuniyetini sa\u011flamaktad\u0131r. BAGER, sadece T\u00fcrkiye&#8217;de de\u011fil, [&hellip;]<\/p>\n","protected":false},"author":1,"featured_media":0,"parent":0,"menu_order":0,"comment_status":"closed","ping_status":"closed","template":"","meta":{"footnotes":""},"class_list":["post-25688","page","type-page","status-publish","hentry"],"yoast_head":"<!-- This site is optimized with the Yoast SEO plugin v21.9 - https:\/\/yoast.com\/wordpress\/plugins\/seo\/ -->\n<title>Hakk\u0131m\u0131zda - Bager<\/title>\n<meta name=\"robots\" content=\"index, follow, max-snippet:-1, max-image-preview:large, max-video-preview:-1\" \/>\n<link rel=\"canonical\" href=\"https:\/\/bagerplastik.com\/tr\/hakkimizda\/\" \/>\n<meta property=\"og:locale\" content=\"tr_TR\" \/>\n<meta property=\"og:type\" content=\"article\" \/>\n<meta property=\"og:title\" content=\"Hakk\u0131m\u0131zda - Bager\" \/>\n<meta property=\"og:description\" content=\"[vc_row css=&#8221;.vc_custom_1695591109431{padding-top: 60px !important;padding-bottom: 60px !important;}&#8221;][vc_column width=&#8221;1\/3&#8243;][vc_custom_heading text=&#8221;Bager Hakk\u0131nda&#8221; use_theme_fonts=&#8221;yes&#8221; el_class=&#8221;abouth2&#8243;][\/vc_column][vc_column width=&#8221;2\/3&#8243;][vc_column_text el_class=&#8221;max1150&#8243;]2005 y\u0131l\u0131ndan itibaren BAGER, plastik mutfak ve banyo \u00fcr\u00fcnleri sekt\u00f6r\u00fcnde g\u00f6sterdi\u011fi istikrarl\u0131 b\u00fcy\u00fcme ve yenilik\u00e7i yakla\u015f\u0131m\u0131yla tan\u0131nan bir marka olmu\u015ftur. Firman\u0131n b\u00fcy\u00fcmesi, kendi i\u00e7inde yetenekli bir tasar\u0131m ekibine sahip olmas\u0131ndan kaynaklanmaktad\u0131r. Her \u00fcr\u00fcn\u00fcn\u00fc bu uzman ekip taraf\u0131ndan \u00f6zenle tasarlanan BAGER, \u00fcretimini \u0130stanbul Had\u0131mk\u00f6y&#8217;deki modern tesisinde ger\u00e7ekle\u015ftirmektedir. 15.000 m2&#8217;lik kapal\u0131 alana sahip bu tesis, sadece tasar\u0131m de\u011fil ayn\u0131 zamanda \u00fcretim s\u00fcre\u00e7lerinde de kaliteyi \u00f6n planda tutmaktad\u0131r. Hammadde se\u00e7iminden \u00fcretim band\u0131na, paketleme a\u015famas\u0131na kadar olan her detayda kalite standartlar\u0131n\u0131 en \u00fcst d\u00fczeyde tutarak m\u00fc\u015fteri memnuniyetini sa\u011flamaktad\u0131r. BAGER, sadece T\u00fcrkiye&#8217;de de\u011fil, [&hellip;]\" \/>\n<meta property=\"og:url\" content=\"https:\/\/bagerplastik.com\/tr\/hakkimizda\/\" \/>\n<meta property=\"og:site_name\" content=\"Bager\" \/>\n<meta property=\"article:modified_time\" content=\"2024-01-24T06:44:49+00:00\" \/>\n<meta name=\"twitter:card\" content=\"summary_large_image\" \/>\n<meta name=\"twitter:label1\" content=\"Tahmini okuma s\u00fcresi\" \/>\n\t<meta name=\"twitter:data1\" content=\"3 dakika\" \/>\n<script type=\"application\/ld+json\" class=\"yoast-schema-graph\">{\"@context\":\"https:\/\/schema.org\",\"@graph\":[{\"@type\":\"WebPage\",\"@id\":\"https:\/\/bagerplastik.com\/tr\/hakkimizda\/\",\"url\":\"https:\/\/bagerplastik.com\/tr\/hakkimizda\/\",\"name\":\"Hakk\u0131m\u0131zda - Bager\",\"isPartOf\":{\"@id\":\"https:\/\/bagerplastik.com\/#website\"},\"datePublished\":\"2023-09-24T21:22:20+00:00\",\"dateModified\":\"2024-01-24T06:44:49+00:00\",\"breadcrumb\":{\"@id\":\"https:\/\/bagerplastik.com\/tr\/hakkimizda\/#breadcrumb\"},\"inLanguage\":\"tr\",\"potentialAction\":[{\"@type\":\"ReadAction\",\"target\":[\"https:\/\/bagerplastik.com\/tr\/hakkimizda\/\"]}]},{\"@type\":\"BreadcrumbList\",\"@id\":\"https:\/\/bagerplastik.com\/tr\/hakkimizda\/#breadcrumb\",\"itemListElement\":[{\"@type\":\"ListItem\",\"position\":1,\"name\":\"Home\",\"item\":\"https:\/\/bagerplastik.com\/tr\/\"},{\"@type\":\"ListItem\",\"position\":2,\"name\":\"Hakk\u0131m\u0131zda\"}]},{\"@type\":\"WebSite\",\"@id\":\"https:\/\/bagerplastik.com\/#website\",\"url\":\"https:\/\/bagerplastik.com\/\",\"name\":\"Bager\",\"description\":\"\",\"potentialAction\":[{\"@type\":\"SearchAction\",\"target\":{\"@type\":\"EntryPoint\",\"urlTemplate\":\"https:\/\/bagerplastik.com\/?s={search_term_string}\"},\"query-input\":\"required name=search_term_string\"}],\"inLanguage\":\"tr\"}]}<\/script>\n<!-- \/ Yoast SEO plugin. -->","yoast_head_json":{"title":"Hakk\u0131m\u0131zda - Bager","robots":{"index":"index","follow":"follow","max-snippet":"max-snippet:-1","max-image-preview":"max-image-preview:large","max-video-preview":"max-video-preview:-1"},"canonical":"https:\/\/bagerplastik.com\/tr\/hakkimizda\/","og_locale":"tr_TR","og_type":"article","og_title":"Hakk\u0131m\u0131zda - Bager","og_description":"[vc_row css=&#8221;.vc_custom_1695591109431{padding-top: 60px !important;padding-bottom: 60px !important;}&#8221;][vc_column width=&#8221;1\/3&#8243;][vc_custom_heading text=&#8221;Bager Hakk\u0131nda&#8221; use_theme_fonts=&#8221;yes&#8221; el_class=&#8221;abouth2&#8243;][\/vc_column][vc_column width=&#8221;2\/3&#8243;][vc_column_text el_class=&#8221;max1150&#8243;]2005 y\u0131l\u0131ndan itibaren BAGER, plastik mutfak ve banyo \u00fcr\u00fcnleri sekt\u00f6r\u00fcnde g\u00f6sterdi\u011fi istikrarl\u0131 b\u00fcy\u00fcme ve yenilik\u00e7i yakla\u015f\u0131m\u0131yla tan\u0131nan bir marka olmu\u015ftur. Firman\u0131n b\u00fcy\u00fcmesi, kendi i\u00e7inde yetenekli bir tasar\u0131m ekibine sahip olmas\u0131ndan kaynaklanmaktad\u0131r. Her \u00fcr\u00fcn\u00fcn\u00fc bu uzman ekip taraf\u0131ndan \u00f6zenle tasarlanan BAGER, \u00fcretimini \u0130stanbul Had\u0131mk\u00f6y&#8217;deki modern tesisinde ger\u00e7ekle\u015ftirmektedir. 15.000 m2&#8217;lik kapal\u0131 alana sahip bu tesis, sadece tasar\u0131m de\u011fil ayn\u0131 zamanda \u00fcretim s\u00fcre\u00e7lerinde de kaliteyi \u00f6n planda tutmaktad\u0131r. Hammadde se\u00e7iminden \u00fcretim band\u0131na, paketleme a\u015famas\u0131na kadar olan her detayda kalite standartlar\u0131n\u0131 en \u00fcst d\u00fczeyde tutarak m\u00fc\u015fteri memnuniyetini sa\u011flamaktad\u0131r. BAGER, sadece T\u00fcrkiye&#8217;de de\u011fil, [&hellip;]","og_url":"https:\/\/bagerplastik.com\/tr\/hakkimizda\/","og_site_name":"Bager","article_modified_time":"2024-01-24T06:44:49+00:00","twitter_card":"summary_large_image","twitter_misc":{"Tahmini okuma s\u00fcresi":"3 dakika"},"schema":{"@context":"https:\/\/schema.org","@graph":[{"@type":"WebPage","@id":"https:\/\/bagerplastik.com\/tr\/hakkimizda\/","url":"https:\/\/bagerplastik.com\/tr\/hakkimizda\/","name":"Hakk\u0131m\u0131zda - Bager","isPartOf":{"@id":"https:\/\/bagerplastik.com\/#website"},"datePublished":"2023-09-24T21:22:20+00:00","dateModified":"2024-01-24T06:44:49+00:00","breadcrumb":{"@id":"https:\/\/bagerplastik.com\/tr\/hakkimizda\/#breadcrumb"},"inLanguage":"tr","potentialAction":[{"@type":"ReadAction","target":["https:\/\/bagerplastik.com\/tr\/hakkimizda\/"]}]},{"@type":"BreadcrumbList","@id":"https:\/\/bagerplastik.com\/tr\/hakkimizda\/#breadcrumb","itemListElement":[{"@type":"ListItem","position":1,"name":"Home","item":"https:\/\/bagerplastik.com\/tr\/"},{"@type":"ListItem","position":2,"name":"Hakk\u0131m\u0131zda"}]},{"@type":"WebSite","@id":"https:\/\/bagerplastik.com\/#website","url":"https:\/\/bagerplastik.com\/","name":"Bager","description":"","potentialAction":[{"@type":"SearchAction","target":{"@type":"EntryPoint","urlTemplate":"https:\/\/bagerplastik.com\/?s={search_term_string}"},"query-input":"required name=search_term_string"}],"inLanguage":"tr"}]}},"_links":{"self":[{"href":"https:\/\/bagerplastik.com\/tr\/wp-json\/wp\/v2\/pages\/25688","targetHints":{"allow":["GET"]}}],"collection":[{"href":"https:\/\/bagerplastik.com\/tr\/wp-json\/wp\/v2\/pages"}],"about":[{"href":"https:\/\/bagerplastik.com\/tr\/wp-json\/wp\/v2\/types\/page"}],"author":[{"embeddable":true,"href":"https:\/\/bagerplastik.com\/tr\/wp-json\/wp\/v2\/users\/1"}],"replies":[{"embeddable":true,"href":"https:\/\/bagerplastik.com\/tr\/wp-json\/wp\/v2\/comments?post=25688"}],"version-history":[{"count":6,"href":"https:\/\/bagerplastik.com\/tr\/wp-json\/wp\/v2\/pages\/25688\/revisions"}],"predecessor-version":[{"id":25844,"href":"https:\/\/bagerplastik.com\/tr\/wp-json\/wp\/v2\/pages\/25688\/revisions\/25844"}],"wp:attachment":[{"href":"https:\/\/bagerplastik.com\/tr\/wp-json\/wp\/v2\/media?parent=25688"}],"curies":[{"name":"wp","href":"https:\/\/api.w.org\/{rel}","templated":true}]}}