{"id":25687,"date":"2023-09-25T00:22:20","date_gmt":"2023-09-24T21:22:20","guid":{"rendered":"https:\/\/bagerplastik.com\/about-bager\/"},"modified":"2024-01-24T09:46:10","modified_gmt":"2024-01-24T06:46:10","slug":"acerca-de-bager","status":"publish","type":"page","link":"https:\/\/bagerplastik.com\/es\/acerca-de-bager\/","title":{"rendered":"Acerca de Bager"},"content":{"rendered":"<section class=\"wpb-content-wrapper\"><p>[vc_row css=\u00bb.vc_custom_1695591109431{padding-top: 60px !important;padding-bottom: 60px !important;}\u00bb][vc_column width=\u00bb1\/3&#8243;][vc_custom_heading text=\u00bbAcerca de Bager\u00bb use_theme_fonts=\u00bbyes\u00bb el_class=\u00bbabouth2&#8243;][\/vc_column][vc_column width=\u00bb2\/3&#8243;][vc_column_text el_class=\u00bbmax1150&#8243;]Desde 2005, BAGER se ha convertido en una marca reconocida en el sector de productos de pl\u00e1stico para la cocina y el ba\u00f1o, conocida por su crecimiento constante y enfoque innovador.<br \/>\nEl crecimiento de la empresa proviene de tener un equipo de dise\u00f1o talentoso internamente. Cada producto, cuidadosamente dise\u00f1ado por este equipo de expertos, se fabrica en su moderna instalaci\u00f3n en Had\u0131mk\u00f6y, Estambul. Con un \u00e1rea cerrada de 15,000 m2, esta instalaci\u00f3n no solo enfatiza el dise\u00f1o sino que tambi\u00e9n prioriza la calidad en los procesos de producci\u00f3n. Desde la selecci\u00f3n de materias primas hasta la l\u00ednea de producci\u00f3n y la etapa de embalaje, BAGER mantiene los m\u00e1s altos est\u00e1ndares de calidad para garantizar la satisfacci\u00f3n del cliente.<\/p>\n<p>BAGER se ha hecho un nombre no solo en Turqu\u00eda sino tambi\u00e9n a nivel internacional. Dando pasos significativos en el sector de exportaci\u00f3n, la empresa fabrica sus productos de acuerdo con normas internacionales de salud y calidad, asegurando una s\u00f3lida posici\u00f3n en el mercado global. Actualmente, exporta a m\u00e1s de 75 pa\u00edses, avanzando de manera constante hacia convertirse en un actor global.<\/p>\n<p>El objetivo principal de BAGER es fusionar la est\u00e9tica y la funcionalidad al tiempo que garantiza la satisfacci\u00f3n del cliente. Nuestros dise\u00f1os elegantes no solo embellecen los hogares sino que tambi\u00e9n destacan por las caracter\u00edsticas saludables de nuestros productos. En el futuro, continuaremos con nuestro enfoque centrado en el cliente, ofreciendo experiencias \u00fanicas a nuestros clientes a trav\u00e9s de productos innovadores y de calidad.<\/p>\n<p>BAGER est\u00e1 decidido a asumir un papel pionero en el sector de productos de pl\u00e1stico para la cocina y el ba\u00f1o con su visi\u00f3n estrat\u00e9gica orientada hacia el futuro. En el futuro, la empresa tiene como objetivo ampliar su cartera de productos manteni\u00e9ndose al d\u00eda con las innovaciones tecnol\u00f3gicas y brindando soluciones que se alineen con los estilos de vida de los usuarios. Adoptando materiales y t\u00e9cnicas de producci\u00f3n innovadores, BAGER planea ofrecer productos que no solo destaquen por su durabilidad y est\u00e9tica, sino que tambi\u00e9n prioricen la sostenibilidad ambiental.<\/p>\n<p>Como BAGER, estamos comprometidos a agregar valor a nuestros clientes, mejorar su calidad de vida y ofrecer productos que cumplan con nuestras responsabilidades ambientales. Centr\u00e1ndonos en los principios de calidad, innovaci\u00f3n y sostenibilidad, nuestro objetivo es fortalecer a\u00fan m\u00e1s nuestra posici\u00f3n de liderazgo en la industria.[\/vc_column_text][\/vc_column][\/vc_row][vc_row full_width=\u00bbstretch_row_content_no_spaces\u00bb css=\u00bb.vc_custom_1695590995421{margin-top: 30px !important;}\u00bb][vc_column][vc_single_image image=\u00bb572&#8243; img_size=\u00bbfull\u00bb alignment=\u00bbcenter\u00bb][\/vc_column][\/vc_row][vc_row css=\u00bb.vc_custom_1695591109431{padding-top: 60px !important;padding-bottom: 60px !important;}\u00bb][vc_column width=\u00bb1\/3&#8243;][vc_custom_heading text=\u00bbProducci\u00f3n\u00bb use_theme_fonts=\u00bbyes\u00bb el_class=\u00bbabouth2&#8243;][\/vc_column][vc_column width=\u00bb2\/3&#8243;][vc_column_text el_class=\u00bbmax770&#8243;]BAGER, una variedad de productos en r\u00e1pido crecimiento, crea todos los dise\u00f1os con su propio equipo y fabrica un \u00e1rea cubierta de 15.000 m2 en Had\u0131mk\u00f6y, Estambul. Desde cada etapa de producci\u00f3n, desde el dise\u00f1o hasta la selecci\u00f3n de la materia prima, desde la banda de producci\u00f3n hasta el embalaje, la calidad es el factor m\u00e1s importante. .[\/vc_column_text][\/vc_column][\/vc_row][vc_row content_placement=\u00bbmiddle\u00bb css=\u00bb.vc_custom_1695591440850{margin-top: 60px !important;}\u00bb][vc_column width=\u00bb1\/2&#8243;][vc_single_image image=\u00bb581&#8243; img_size=\u00bbfull\u00bb][\/vc_column][vc_column width=\u00bb1\/2&#8243;][vc_custom_heading text=\u00bbExportar\u00bb use_theme_fonts=\u00bbyes\u00bb el_class=\u00bbabouth2&#8243; css=\u00bb.vc_custom_1698786686083{margin-bottom: 20px !important;padding-left: 30px !important;}\u00bb][vc_column_text el_class=\u00bbmax425&#8243; css=\u00bb.vc_custom_1698786694213{padding-left: 30px !important;}\u00bb]BAGER ha avanzado en el campo de la exportaci\u00f3n con pasos serios y hoy exporta a m\u00e1s de 75 pa\u00edses con productos que cumplen con las normas internacionales de salud y calidad.<\/p>\n<p>Como BAGER, nuestro principal objetivo es producir productos que mantengan la salud de nuestros clientes al mismo tiempo que se lleven a cabo en sus hogares con dise\u00f1os elegantes.[\/vc_column_text][\/vc_column][\/vc_row][vc_row css=\u00bb.vc_custom_1695591532983{margin-top: 70px !important;padding-top: 60px !important;padding-bottom: 60px !important;}\u00bb][vc_column width=\u00bb1\/3&#8243;][vc_custom_heading text=\u00bbCertificados\u00bb use_theme_fonts=\u00bbyes\u00bb el_class=\u00bbabouth2&#8243;][\/vc_column][vc_column width=\u00bb2\/3&#8243;][vc_row_inner css=\u00bb.vc_custom_1703170015584{margin-bottom: 30px !important;}\u00bb][vc_column_inner width=\u00bb1\/4&#8243;][vc_single_image image=\u00bb6327&#8243; img_size=\u00bbfull\u00bb onclick=\u00bblink_image\u00bb][\/vc_column_inner][vc_column_inner width=\u00bb1\/4&#8243;][vc_single_image image=\u00bb6328&#8243; img_size=\u00bbfull\u00bb onclick=\u00bblink_image\u00bb][\/vc_column_inner][vc_column_inner width=\u00bb1\/4&#8243;][vc_single_image image=\u00bb6329&#8243; img_size=\u00bbfull\u00bb onclick=\u00bblink_image\u00bb][\/vc_column_inner][vc_column_inner width=\u00bb1\/4&#8243;][vc_single_image image=\u00bb6330&#8243; img_size=\u00bbfull\u00bb onclick=\u00bblink_image\u00bb][\/vc_column_inner][\/vc_row_inner][vc_row_inner][vc_column_inner width=\u00bb1\/2&#8243;][vc_single_image image=\u00bb6332&#8243; img_size=\u00bbfull\u00bb alignment=\u00bbcenter\u00bb][\/vc_column_inner][vc_column_inner width=\u00bb1\/2&#8243;][vc_single_image image=\u00bb6331&#8243; img_size=\u00bbfull\u00bb alignment=\u00bbcenter\u00bb][\/vc_column_inner][\/vc_row_inner][\/vc_column][\/vc_row]<\/p>\n<\/section>","protected":false},"excerpt":{"rendered":"<p>[vc_row css=\u00bb.vc_custom_1695591109431{padding-top: 60px !important;padding-bottom: 60px !important;}\u00bb][vc_column width=\u00bb1\/3&#8243;][vc_custom_heading text=\u00bbAcerca de Bager\u00bb use_theme_fonts=\u00bbyes\u00bb el_class=\u00bbabouth2&#8243;][\/vc_column][vc_column width=\u00bb2\/3&#8243;][vc_column_text el_class=\u00bbmax1150&#8243;]Desde 2005, BAGER se ha convertido en una marca reconocida en el sector de productos de pl\u00e1stico para la cocina y el ba\u00f1o, conocida por su crecimiento constante y enfoque innovador. El crecimiento de la empresa proviene de tener un equipo de dise\u00f1o talentoso internamente. Cada producto, cuidadosamente dise\u00f1ado por este equipo de expertos, se fabrica en su moderna instalaci\u00f3n en Had\u0131mk\u00f6y, Estambul. Con un \u00e1rea cerrada de 15,000 m2, esta instalaci\u00f3n no solo enfatiza el dise\u00f1o sino que tambi\u00e9n prioriza la calidad en los procesos de [&hellip;]<\/p>\n","protected":false},"author":1,"featured_media":0,"parent":0,"menu_order":0,"comment_status":"closed","ping_status":"closed","template":"","meta":{"footnotes":""},"class_list":["post-25687","page","type-page","status-publish","hentry"],"yoast_head":"<!-- This site is optimized with the Yoast SEO plugin v21.9 - https:\/\/yoast.com\/wordpress\/plugins\/seo\/ -->\n<title>Acerca de Bager - Bager<\/title>\n<meta name=\"robots\" content=\"index, follow, max-snippet:-1, max-image-preview:large, max-video-preview:-1\" \/>\n<link rel=\"canonical\" href=\"https:\/\/bagerplastik.com\/es\/acerca-de-bager\/\" \/>\n<meta property=\"og:locale\" content=\"es_ES\" \/>\n<meta property=\"og:type\" content=\"article\" \/>\n<meta property=\"og:title\" content=\"Acerca de Bager - Bager\" \/>\n<meta property=\"og:description\" content=\"[vc_row css=\u00bb.vc_custom_1695591109431{padding-top: 60px !important;padding-bottom: 60px !important;}\u00bb][vc_column width=\u00bb1\/3&#8243;][vc_custom_heading text=\u00bbAcerca de Bager\u00bb use_theme_fonts=\u00bbyes\u00bb el_class=\u00bbabouth2&#8243;][\/vc_column][vc_column width=\u00bb2\/3&#8243;][vc_column_text el_class=\u00bbmax1150&#8243;]Desde 2005, BAGER se ha convertido en una marca reconocida en el sector de productos de pl\u00e1stico para la cocina y el ba\u00f1o, conocida por su crecimiento constante y enfoque innovador. El crecimiento de la empresa proviene de tener un equipo de dise\u00f1o talentoso internamente. Cada producto, cuidadosamente dise\u00f1ado por este equipo de expertos, se fabrica en su moderna instalaci\u00f3n en Had\u0131mk\u00f6y, Estambul. Con un \u00e1rea cerrada de 15,000 m2, esta instalaci\u00f3n no solo enfatiza el dise\u00f1o sino que tambi\u00e9n prioriza la calidad en los procesos de [&hellip;]\" \/>\n<meta property=\"og:url\" content=\"https:\/\/bagerplastik.com\/es\/acerca-de-bager\/\" \/>\n<meta property=\"og:site_name\" content=\"Bager\" \/>\n<meta property=\"article:modified_time\" content=\"2024-01-24T06:46:10+00:00\" \/>\n<meta name=\"twitter:card\" content=\"summary_large_image\" \/>\n<meta name=\"twitter:label1\" content=\"Tiempo de lectura\" \/>\n\t<meta name=\"twitter:data1\" content=\"3 minutos\" \/>\n<script type=\"application\/ld+json\" class=\"yoast-schema-graph\">{\"@context\":\"https:\/\/schema.org\",\"@graph\":[{\"@type\":\"WebPage\",\"@id\":\"https:\/\/bagerplastik.com\/es\/acerca-de-bager\/\",\"url\":\"https:\/\/bagerplastik.com\/es\/acerca-de-bager\/\",\"name\":\"Acerca de Bager - Bager\",\"isPartOf\":{\"@id\":\"https:\/\/bagerplastik.com\/#website\"},\"datePublished\":\"2023-09-24T21:22:20+00:00\",\"dateModified\":\"2024-01-24T06:46:10+00:00\",\"breadcrumb\":{\"@id\":\"https:\/\/bagerplastik.com\/es\/acerca-de-bager\/#breadcrumb\"},\"inLanguage\":\"es\",\"potentialAction\":[{\"@type\":\"ReadAction\",\"target\":[\"https:\/\/bagerplastik.com\/es\/acerca-de-bager\/\"]}]},{\"@type\":\"BreadcrumbList\",\"@id\":\"https:\/\/bagerplastik.com\/es\/acerca-de-bager\/#breadcrumb\",\"itemListElement\":[{\"@type\":\"ListItem\",\"position\":1,\"name\":\"Home\",\"item\":\"https:\/\/bagerplastik.com\/es\/\"},{\"@type\":\"ListItem\",\"position\":2,\"name\":\"Acerca de Bager\"}]},{\"@type\":\"WebSite\",\"@id\":\"https:\/\/bagerplastik.com\/#website\",\"url\":\"https:\/\/bagerplastik.com\/\",\"name\":\"Bager\",\"description\":\"\",\"potentialAction\":[{\"@type\":\"SearchAction\",\"target\":{\"@type\":\"EntryPoint\",\"urlTemplate\":\"https:\/\/bagerplastik.com\/?s={search_term_string}\"},\"query-input\":\"required name=search_term_string\"}],\"inLanguage\":\"es\"}]}<\/script>\n<!-- \/ Yoast SEO plugin. -->","yoast_head_json":{"title":"Acerca de Bager - Bager","robots":{"index":"index","follow":"follow","max-snippet":"max-snippet:-1","max-image-preview":"max-image-preview:large","max-video-preview":"max-video-preview:-1"},"canonical":"https:\/\/bagerplastik.com\/es\/acerca-de-bager\/","og_locale":"es_ES","og_type":"article","og_title":"Acerca de Bager - Bager","og_description":"[vc_row css=\u00bb.vc_custom_1695591109431{padding-top: 60px !important;padding-bottom: 60px !important;}\u00bb][vc_column width=\u00bb1\/3&#8243;][vc_custom_heading text=\u00bbAcerca de Bager\u00bb use_theme_fonts=\u00bbyes\u00bb el_class=\u00bbabouth2&#8243;][\/vc_column][vc_column width=\u00bb2\/3&#8243;][vc_column_text el_class=\u00bbmax1150&#8243;]Desde 2005, BAGER se ha convertido en una marca reconocida en el sector de productos de pl\u00e1stico para la cocina y el ba\u00f1o, conocida por su crecimiento constante y enfoque innovador. El crecimiento de la empresa proviene de tener un equipo de dise\u00f1o talentoso internamente. Cada producto, cuidadosamente dise\u00f1ado por este equipo de expertos, se fabrica en su moderna instalaci\u00f3n en Had\u0131mk\u00f6y, Estambul. Con un \u00e1rea cerrada de 15,000 m2, esta instalaci\u00f3n no solo enfatiza el dise\u00f1o sino que tambi\u00e9n prioriza la calidad en los procesos de [&hellip;]","og_url":"https:\/\/bagerplastik.com\/es\/acerca-de-bager\/","og_site_name":"Bager","article_modified_time":"2024-01-24T06:46:10+00:00","twitter_card":"summary_large_image","twitter_misc":{"Tiempo de lectura":"3 minutos"},"schema":{"@context":"https:\/\/schema.org","@graph":[{"@type":"WebPage","@id":"https:\/\/bagerplastik.com\/es\/acerca-de-bager\/","url":"https:\/\/bagerplastik.com\/es\/acerca-de-bager\/","name":"Acerca de Bager - Bager","isPartOf":{"@id":"https:\/\/bagerplastik.com\/#website"},"datePublished":"2023-09-24T21:22:20+00:00","dateModified":"2024-01-24T06:46:10+00:00","breadcrumb":{"@id":"https:\/\/bagerplastik.com\/es\/acerca-de-bager\/#breadcrumb"},"inLanguage":"es","potentialAction":[{"@type":"ReadAction","target":["https:\/\/bagerplastik.com\/es\/acerca-de-bager\/"]}]},{"@type":"BreadcrumbList","@id":"https:\/\/bagerplastik.com\/es\/acerca-de-bager\/#breadcrumb","itemListElement":[{"@type":"ListItem","position":1,"name":"Home","item":"https:\/\/bagerplastik.com\/es\/"},{"@type":"ListItem","position":2,"name":"Acerca de Bager"}]},{"@type":"WebSite","@id":"https:\/\/bagerplastik.com\/#website","url":"https:\/\/bagerplastik.com\/","name":"Bager","description":"","potentialAction":[{"@type":"SearchAction","target":{"@type":"EntryPoint","urlTemplate":"https:\/\/bagerplastik.com\/?s={search_term_string}"},"query-input":"required name=search_term_string"}],"inLanguage":"es"}]}},"_links":{"self":[{"href":"https:\/\/bagerplastik.com\/es\/wp-json\/wp\/v2\/pages\/25687","targetHints":{"allow":["GET"]}}],"collection":[{"href":"https:\/\/bagerplastik.com\/es\/wp-json\/wp\/v2\/pages"}],"about":[{"href":"https:\/\/bagerplastik.com\/es\/wp-json\/wp\/v2\/types\/page"}],"author":[{"embeddable":true,"href":"https:\/\/bagerplastik.com\/es\/wp-json\/wp\/v2\/users\/1"}],"replies":[{"embeddable":true,"href":"https:\/\/bagerplastik.com\/es\/wp-json\/wp\/v2\/comments?post=25687"}],"version-history":[{"count":6,"href":"https:\/\/bagerplastik.com\/es\/wp-json\/wp\/v2\/pages\/25687\/revisions"}],"predecessor-version":[{"id":25845,"href":"https:\/\/bagerplastik.com\/es\/wp-json\/wp\/v2\/pages\/25687\/revisions\/25845"}],"wp:attachment":[{"href":"https:\/\/bagerplastik.com\/es\/wp-json\/wp\/v2\/media?parent=25687"}],"curies":[{"name":"wp","href":"https:\/\/api.w.org\/{rel}","templated":true}]}}